{"id":4334,"date":"2025-05-16T12:38:27","date_gmt":"2025-05-16T16:38:27","guid":{"rendered":"https:\/\/nelasante.com\/bilan-de-sante\/"},"modified":"2025-09-02T07:23:05","modified_gmt":"2025-09-02T11:23:05","slug":"bilan-de-sante","status":"publish","type":"page","link":"https:\/\/nelasante.com\/fr\/entreprise\/bilan-de-sante\/","title":{"rendered":"BILAN DE SANT\u00c9"},"content":{"rendered":"\n\n\t<p>Nous comprenons l&rsquo;importance de maintenir une main-d&rsquo;\u0153uvre en bonne sant\u00e9. Notre programme Corporate Wellness Check offre des services de sant\u00e9 complets sur place, con\u00e7us pour promouvoir le bien-\u00eatre et la productivit\u00e9 des employ\u00e9s.<\/p>\n<h3>\n\t\t\tNos services\t<\/h3>\n\t<p>Notre forfait Wellness Check comprend<\/p>\n<ul>\n<li><a href=\"https:\/\/nelasante.com\/fr\/services\/tests-sanguins\/\"><strong>Tests sanguins<\/strong><\/a>: Effectu\u00e9es sur recommandation d&rsquo;un m\u00e9decin, elles portent sur des marqueurs essentiels de la sant\u00e9 et permettent d&rsquo;identifier les risques potentiels.<\/li>\n<li><strong>Contr\u00f4les de la tension art\u00e9rielle<\/strong>: Un contr\u00f4le r\u00e9gulier permet de d\u00e9tecter et de prendre en charge l&rsquo;hypertension \u00e0 un stade pr\u00e9coce.<\/li>\n<li><a href=\"https:\/\/nelasante.com\/fr\/services\/vaccinations\/\"><strong>Vaccination contre la grippe<\/strong><\/a>: Vaccination contre la grippe saisonni\u00e8re pour prot\u00e9ger votre \u00e9quipe et r\u00e9duire l&rsquo;absent\u00e9isme.<\/li>\n<\/ul>\n<p>Ces services sont assur\u00e9s par nos professionnels de sant\u00e9 agr\u00e9\u00e9s, ce qui garantit l&rsquo;exactitude et la confidentialit\u00e9 des donn\u00e9es.<\/p>\n\t\t\t\t<img decoding=\"async\" src=\"https:\/\/nelasante.com\/wp-content\/uploads\/2025\/08\/Wellness-Checkup.webp\" alt=\"woman gets vaccination in arm for disease prevention coronavirus protection. Nurse gives antiviral shot to adult female\" itemprop=\"image\" height=\"800\" width=\"700\" title=\"Wellness Checkup\" onerror=\"this.style.display='none'\" loading=\"lazy\" \/>\n<h3>\n\t\t\tPRENDRE RENDEZ-VOUS AVEC NOS INFIRMI\u00c8RES MOBILES DE MONTR\u00c9AL\t<\/h3>\n\t<p>Nous proposons des r\u00e9servations de groupe pour les lieux de travail, afin d&rsquo;accueillir des \u00e9quipes de diff\u00e9rentes tailles. Nos horaires flexibles garantissent une perturbation minimale de vos activit\u00e9s quotidiennes.<\/p>\n<p>N&rsquo;h\u00e9sitez pas \u00e0 prendre rendez-vous en ligne ou \u00e0 nous contacter par t\u00e9l\u00e9phone si vous avez des questions.<\/p>\n\t<ul>\n\t\t<li>\t\t\t\t\n\t\t<p><a href=\"tel:5146086352\" target=\"_blank\" rel=\"noopener\">(514) 608-NELA (6352)<\/a><\/p><\/li>\t<\/ul>\n\t<ul>\n\t\t<li>\t\t\t\t\n\t\t<p><a href=\"mailto:info@nelasante.com\" target=\"_blank\" rel=\"noopener\">info@nelasante.com<\/a><\/p><\/li>\t<\/ul>\n\t\t\t<a href=\"https:\/\/squareup.com\/appointments\/book\/iuresfex4eqvns\/LTJ2VX97TWS0E\/start\" target=\"_blank\" rel=\"noopener\">\n\t\t\t\t\t\tR\u00c9SERVEZ MAINTENANT\n\t\t\t\t\t<\/a>\n\n","protected":false},"excerpt":{"rendered":"<p>Nous comprenons l&rsquo;importance de maintenir une main-d&rsquo;\u0153uvre en bonne sant\u00e9. Notre programme Corporate Wellness Check offre des services de sant\u00e9 complets sur place, con\u00e7us pour promouvoir le bien-\u00eatre et la productivit\u00e9 des employ\u00e9s. Nos services Notre forfait Wellness Check comprend Tests sanguins: Effectu\u00e9es sur recommandation d&rsquo;un m\u00e9decin, elles portent sur des marqueurs essentiels de la [&hellip;]<\/p>\n","protected":false},"author":6,"featured_media":4399,"parent":3018,"menu_order":0,"comment_status":"closed","ping_status":"closed","template":"","meta":{"site-sidebar-layout":"default","site-content-layout":"","ast-site-content-layout":"default","site-content-style":"default","site-sidebar-style":"default","ast-global-header-display":"","ast-banner-title-visibility":"","ast-main-header-display":"","ast-hfb-above-header-display":"","ast-hfb-below-header-display":"","ast-hfb-mobile-header-display":"","site-post-title":"","ast-breadcrumbs-content":"","ast-featured-img":"","footer-sml-layout":"","ast-disable-related-posts":"","theme-transparent-header-meta":"","adv-header-id-meta":"","stick-header-meta":"","header-above-stick-meta":"","header-main-stick-meta":"","header-below-stick-meta":"","astra-migrate-meta-layouts":"set","ast-page-background-enabled":"default","ast-page-background-meta":{"desktop":{"background-color":"","background-image":"","background-repeat":"repeat","background-position":"center center","background-size":"auto","background-attachment":"scroll","background-type":"","background-media":"","overlay-type":"","overlay-color":"","overlay-opacity":"","overlay-gradient":""},"tablet":{"background-color":"","background-image":"","background-repeat":"repeat","background-position":"center center","background-size":"auto","background-attachment":"scroll","background-type":"","background-media":"","overlay-type":"","overlay-color":"","overlay-opacity":"","overlay-gradient":""},"mobile":{"background-color":"","background-image":"","background-repeat":"repeat","background-position":"center center","background-size":"auto","background-attachment":"scroll","background-type":"","background-media":"","overlay-type":"","overlay-color":"","overlay-opacity":"","overlay-gradient":""}},"ast-content-background-meta":{"desktop":{"background-color":"var(--ast-global-color-5)","background-image":"","background-repeat":"repeat","background-position":"center center","background-size":"auto","background-attachment":"scroll","background-type":"","background-media":"","overlay-type":"","overlay-color":"","overlay-opacity":"","overlay-gradient":""},"tablet":{"background-color":"var(--ast-global-color-5)","background-image":"","background-repeat":"repeat","background-position":"center center","background-size":"auto","background-attachment":"scroll","background-type":"","background-media":"","overlay-type":"","overlay-color":"","overlay-opacity":"","overlay-gradient":""},"mobile":{"background-color":"var(--ast-global-color-5)","background-image":"","background-repeat":"repeat","background-position":"center center","background-size":"auto","background-attachment":"scroll","background-type":"","background-media":"","overlay-type":"","overlay-color":"","overlay-opacity":"","overlay-gradient":""}},"footnotes":""},"class_list":["post-4334","page","type-page","status-publish","has-post-thumbnail","hentry"],"_links":{"self":[{"href":"https:\/\/nelasante.com\/fr\/wp-json\/wp\/v2\/pages\/4334","targetHints":{"allow":["GET"]}}],"collection":[{"href":"https:\/\/nelasante.com\/fr\/wp-json\/wp\/v2\/pages"}],"about":[{"href":"https:\/\/nelasante.com\/fr\/wp-json\/wp\/v2\/types\/page"}],"author":[{"embeddable":true,"href":"https:\/\/nelasante.com\/fr\/wp-json\/wp\/v2\/users\/6"}],"replies":[{"embeddable":true,"href":"https:\/\/nelasante.com\/fr\/wp-json\/wp\/v2\/comments?post=4334"}],"version-history":[{"count":6,"href":"https:\/\/nelasante.com\/fr\/wp-json\/wp\/v2\/pages\/4334\/revisions"}],"predecessor-version":[{"id":4634,"href":"https:\/\/nelasante.com\/fr\/wp-json\/wp\/v2\/pages\/4334\/revisions\/4634"}],"up":[{"embeddable":true,"href":"https:\/\/nelasante.com\/fr\/wp-json\/wp\/v2\/pages\/3018"}],"wp:featuredmedia":[{"embeddable":true,"href":"https:\/\/nelasante.com\/fr\/wp-json\/wp\/v2\/media\/4399"}],"wp:attachment":[{"href":"https:\/\/nelasante.com\/fr\/wp-json\/wp\/v2\/media?parent=4334"}],"curies":[{"name":"wp","href":"https:\/\/api.w.org\/{rel}","templated":true}]}}