{"id":4329,"date":"2025-05-16T12:19:20","date_gmt":"2025-05-16T16:19:20","guid":{"rendered":"https:\/\/nelasante.com\/esthetique-medicale\/"},"modified":"2025-10-31T21:26:05","modified_gmt":"2025-11-01T01:26:05","slug":"esthetique-medicale","status":"publish","type":"page","link":"https:\/\/nelasante.com\/fr\/services\/esthetique-medicale\/","title":{"rendered":"Esth\u00e9tique m\u00e9dicale"},"content":{"rendered":"\n\n\t<p>Nela Sant\u00e9 \u00e9tend son expertise \u00e9prouv\u00e9e en soins infirmiers mobiles au domaine de la m\u00e9decine esth\u00e9tique, en proposant des traitements de neuromodulation (Botox\u00ae) et des injections de comblement dermique \u00e0 base d&rsquo;acide hyaluronique qui ravivent &#8211; sans remplacer &#8211; vos traits naturels. Nos infirmi\u00e8res qualifi\u00e9es et nos m\u00e9decins partenaires maintiennent le m\u00eame niveau de qualit\u00e9 de soins, de professionnalisme et de fiabilit\u00e9 qui caract\u00e9risent nos services de sant\u00e9 \u00e0 domicile depuis 2020. Port\u00e9s par la vision d&rsquo;aider chacun \u00e0 \u00ab se sentir confiant et bien dans sa peau \u00bb, nous associons des produits de pointe \u00e0 une approche douce et personnalis\u00e9e.<\/p>\n<h3>\n\t\t\tNos services\t<\/h3>\n<h2>\n\t\t\tTraitements au Botox\u00ae (neuromodulateur)\t<\/h2>\n<h3>\n\t\t\tFonctionnement\t<\/h3>\n\t<p>Le Botox\u00ae utilise une prot\u00e9ine purifi\u00e9e pour d\u00e9tendre temporairement les petits muscles du visage responsables des rides dynamiques, telles que les rides du lion, les rides du front et les pattes-d&rsquo;oie.<\/p>\n<h3>\n\t\t\tAvantages\t<\/h3>\n\t<ul>\n<li>Une peau plus lisse en 3 \u00e0 7 jours, avec des effets durant environ 3 \u00e0 6 mois.<\/li>\n<li>S\u00e9ances rapides et quasi indolores (\u2248 15 minutes) sans p\u00e9riode de r\u00e9cup\u00e9ration<\/li>\n<li>Emp\u00eache les nouvelles rides de se creuser avec le temps<\/li>\n<li>Options th\u00e9rapeutiques disponibles pour le bruxisme (ATM) et les migraines chroniques<\/li>\n<\/ul>\n\t\t\t\t<img decoding=\"async\" src=\"https:\/\/nelasante.com\/wp-content\/uploads\/2025\/05\/Botox-Injection.webp\" alt=\"Botox Injection\" itemprop=\"image\" height=\"800\" width=\"700\" title=\"Botox Injection\" onerror=\"this.style.display='none'\" loading=\"lazy\" \/>\n<h3>\n\t\t\tZones que nous traitons le plus fr\u00e9quemment\t<\/h3>\n\t<p>Front, glabelle (rides \u00ab\u00a011\u00a0\u00bb), sourcils, pattes-d&rsquo;oie, rides du lapin, rides p\u00e9ribuccales, mass\u00e9ters, fossettes du menton et bandes platysmales du cou.<\/p>\n<h3>\n\t\t\t\u00c0 quoi s&rsquo;attendre\t<\/h3>\n\t<p>Apr\u00e8s un nettoyage de la peau et, si vous le souhaitez, l&rsquo;application d&rsquo;une l\u00e9g\u00e8re anesth\u00e9sie topique, des micro-injections sont effectu\u00e9es avec pr\u00e9cision. Vous pouvez observer une l\u00e9g\u00e8re rougeur qui s&rsquo;estompe en moins d&rsquo;une heure. Les activit\u00e9s normales peuvent reprendre imm\u00e9diatement, mais nous recommandons d&rsquo;\u00e9viter tout exercice intense durant les premi\u00e8res 24 heures.<\/p>\n<h2>\n\t\t\tComblements dermiques\t<\/h2>\n<h3>\n\t\t\tEn quoi consistent-ils ?\t<\/h3>\n\t<p>Nos produits de comblement sont des formulations souples, de type gel, \u00e0 base d&rsquo;acide hyaluronique ; ils restaurent le volume perdu, red\u00e9finissent les contours du visage et hydratent la peau de l&rsquo;int\u00e9rieur.<\/p>\n<h3>\n\t\t\tDes r\u00e9sultats rapides et magnifiques.\t<\/h3>\n\t<p>Le repulpage et le lissage sont visibles imm\u00e9diatement et peuvent durer de 6 mois \u00e0 2 ans, selon le type de produit et la zone trait\u00e9e.<\/p>\n<h3>\n\t\t\tZones de traitement polyvalentes\t<\/h3>\n\t<p>Joues, l\u00e8vres, sillons nasog\u00e9niens, plis d&rsquo;amertume, creux sous les yeux, ligne de la m\u00e2choire, menton, tempes et plus encore.<\/p>\n\t\t\t\t<img decoding=\"async\" src=\"https:\/\/nelasante.com\/wp-content\/uploads\/2025\/05\/Dermal-Fillers.webp\" alt=\"Dermal Fillers\" itemprop=\"image\" height=\"800\" width=\"700\" title=\"Dermal Fillers\" onerror=\"this.style.display='none'\" loading=\"lazy\" \/>\n<h3>\n\t\t\tS\u00e9curit\u00e9 et r\u00e9versibilit\u00e9\t<\/h3>\n\t<p>Parce que nous utilisons des produits de comblement \u00e0 base d&rsquo;acide hyaluronique, tout exc\u00e8s ou produit mal positionn\u00e9 peut \u00eatre dissous en douceur gr\u00e2ce \u00e0 l&rsquo;hyaluronidase, une enzyme qui d\u00e9grade l&rsquo;acide hyaluronique en quelques heures.<\/p>\n<h3>\n\t\t\tD\u00e9roulement de la proc\u00e9dure et soins post-traitement\t<\/h3>\n\t<p>Pr\u00e9voir un rendez-vous de 30 minutes avec anesth\u00e9sie locale en option. Un l\u00e9ger gonflement ou quelques ecchymoses peuvent survenir et disparaissent g\u00e9n\u00e9ralement en quelques jours. \u00c9vitez de masser la zone et les efforts physiques intenses pendant 24 heures.<\/p>\n<h2>\n\t\t\tObtenez plus d&rsquo;informations\t<\/h2>\n\t<p>Nela Sant\u00e9 facilite la d\u00e9couverte des options Botox\u00ae et comblements dermiques en toute confiance. Remplissez le court formulaire ci-dessous et recevez directement dans votre bo\u00eete mail notre Kit de bienvenue en m\u00e9decine esth\u00e9tique.<\/p>\n<p>Compl\u00e9tez le formulaire d\u00e8s maintenant et franchissez la premi\u00e8re \u00e9tape vers des r\u00e9sultats rafra\u00eechis et d&rsquo;apparence naturelle &#8211; \u00e0 la mani\u00e8re de Nela Sant\u00e9.<\/p>\n\t\n<div class=\"wpcf7 no-js\" id=\"wpcf7-f4351-o1\" lang=\"fr-FR\" dir=\"ltr\" data-wpcf7-id=\"4351\">\n<div class=\"screen-reader-response\"><p role=\"status\" aria-live=\"polite\" aria-atomic=\"true\"><\/p> <ul><\/ul><\/div>\n<form action=\"\/fr\/wp-json\/wp\/v2\/pages\/4329#wpcf7-f4351-o1\" method=\"post\" class=\"wpcf7-form init\" aria-label=\"Formulaire de contact\" novalidate=\"novalidate\" data-status=\"init\">\n<fieldset class=\"hidden-fields-container\"><input type=\"hidden\" name=\"_wpcf7\" value=\"4351\" \/><input type=\"hidden\" name=\"_wpcf7_version\" value=\"6.1.5\" \/><input type=\"hidden\" name=\"_wpcf7_locale\" value=\"fr_FR\" \/><input type=\"hidden\" name=\"_wpcf7_unit_tag\" value=\"wpcf7-f4351-o1\" \/><input type=\"hidden\" name=\"_wpcf7_container_post\" value=\"0\" \/><input type=\"hidden\" name=\"_wpcf7_posted_data_hash\" value=\"\" \/><input type=\"hidden\" name=\"_wpcf7_recaptcha_response\" value=\"\" \/>\n<\/fieldset>\n<p><span class=\"wpcf7-form-control-wrap\" data-name=\"firstname\"><input size=\"40\" maxlength=\"400\" class=\"wpcf7-form-control wpcf7-text wpcf7-validates-as-required\" aria-required=\"true\" aria-invalid=\"false\" placeholder=\"Pr\u00e9nom *\" value=\"\" type=\"text\" name=\"firstname\" \/><\/span><br \/>\n<span class=\"wpcf7-form-control-wrap\" data-name=\"lastname\"><input size=\"40\" maxlength=\"400\" class=\"wpcf7-form-control wpcf7-text wpcf7-validates-as-required\" aria-required=\"true\" aria-invalid=\"false\" placeholder=\"Lastname *\" value=\"\" type=\"text\" name=\"lastname\" \/><\/span><br \/>\n<span class=\"wpcf7-form-control-wrap\" data-name=\"email\"><input size=\"40\" maxlength=\"400\" class=\"wpcf7-form-control wpcf7-email wpcf7-validates-as-required wpcf7-text wpcf7-validates-as-email\" aria-required=\"true\" aria-invalid=\"false\" placeholder=\"Email *\" value=\"\" type=\"email\" name=\"email\" \/><\/span><br \/>\n<span class=\"wpcf7-form-control-wrap\" data-name=\"telephone\"><input size=\"40\" maxlength=\"400\" class=\"wpcf7-form-control wpcf7-tel wpcf7-validates-as-required wpcf7-text wpcf7-validates-as-tel\" aria-required=\"true\" aria-invalid=\"false\" placeholder=\"T\u00e9l\u00e9phone *\" value=\"\" type=\"tel\" name=\"telephone\" \/><\/span><br \/>\n<span class=\"wpcf7-form-control-wrap\" data-name=\"consultation-reason\"><select class=\"wpcf7-form-control wpcf7-select wpcf7-validates-as-required\" aria-required=\"true\" aria-invalid=\"false\" name=\"consultation-reason\"><option value=\"\">Injections de neuromodulateurs<\/option><option value=\"Injections pour les migraines chroniques\">Injections pour les migraines chroniques<\/option><option value=\"Injection pour les douleurs de la m\u00e2choire et le bruxisme\">Injection pour les douleurs de la m\u00e2choire et le bruxisme<\/option><option value=\"Remplissage dermique\">Remplissage dermique<\/option><option value=\"Remplissage dissolvant avec hyarulonidase\">Remplissage dissolvant avec hyarulonidase<\/option><option value=\"Traitement du double menton (Belkyra)\">Traitement du double menton (Belkyra)<\/option><option value=\"Renforcement du collag\u00e8ne PLLA (Sculptra)\">Renforcement du collag\u00e8ne PLLA (Sculptra)<\/option><option value=\"Skinbooster\">Skinbooster<\/option><option value=\"Je ne sais pas encore\">Je ne sais pas encore<\/option><\/select><\/span><br \/>\n<span class=\"wpcf7-form-control-wrap\" data-name=\"additional-notes\"><textarea cols=\"40\" rows=\"10\" maxlength=\"2000\" class=\"wpcf7-form-control wpcf7-textarea text-area-additional-notes\" aria-invalid=\"false\" placeholder=\"Notes compl\u00e9mentaires\" name=\"additional-notes\"><\/textarea><\/span><br \/>\n<input class=\"wpcf7-form-control wpcf7-submit has-spinner\" type=\"submit\" value=\"Soumettre\" \/>\n<\/p><input type=\"hidden\" id=\"ct_checkjs_cf7_37bc2f75bf1bcfe8450a1a41c200364c\" name=\"ct_checkjs_cf7\" value=\"0\" \/><script >setTimeout(function(){var ct_input_name = \"ct_checkjs_cf7_37bc2f75bf1bcfe8450a1a41c200364c\";if (document.getElementById(ct_input_name) !== null) {var ct_input_value = document.getElementById(ct_input_name).value;document.getElementById(ct_input_name).value = document.getElementById(ct_input_name).value.replace(ct_input_value, 'b4d5d2ecc7bf665b904996d2f290ce000af7176c69e70f4c3de160e09190b16d');}}, 1000);<\/script><input\n                    class=\"apbct_special_field apbct_email_id__wp_contact_form_7\"\n                    name=\"apbct__email_id__wp_contact_form_7\"\n                    aria-label=\"apbct__label_id__wp_contact_form_7\"\n                    type=\"text\" size=\"30\" maxlength=\"200\" autocomplete=\"off\"\n                    value=\"\"\n                \/><input type='hidden' class='wpcf7-pum' value='{\"closepopup\":false,\"closedelay\":0,\"openpopup\":false,\"openpopup_id\":0}' \/><div class=\"wpcf7-response-output\" aria-hidden=\"true\"><\/div>\n<\/form>\n<\/div>\n\n\t\u2190 <a href=\"https:\/\/nelasante.com\/fr\/services\/\"><br \/>\n<strong>TOUS LES SERVICES<\/strong><br \/>\n<\/a>\n\n","protected":false},"excerpt":{"rendered":"<p>Nela Sant\u00e9 \u00e9tend son expertise \u00e9prouv\u00e9e en soins infirmiers mobiles au domaine de la m\u00e9decine esth\u00e9tique, en proposant des traitements de neuromodulation (Botox\u00ae) et des injections de comblement dermique \u00e0 base d&rsquo;acide hyaluronique qui ravivent &#8211; sans remplacer &#8211; vos traits naturels. Nos infirmi\u00e8res qualifi\u00e9es et nos m\u00e9decins partenaires maintiennent le m\u00eame niveau de qualit\u00e9 [&hellip;]<\/p>\n","protected":false},"author":6,"featured_media":0,"parent":2991,"menu_order":0,"comment_status":"closed","ping_status":"closed","template":"","meta":{"site-sidebar-layout":"default","site-content-layout":"","ast-site-content-layout":"default","site-content-style":"default","site-sidebar-style":"default","ast-global-header-display":"","ast-banner-title-visibility":"","ast-main-header-display":"","ast-hfb-above-header-display":"","ast-hfb-below-header-display":"","ast-hfb-mobile-header-display":"","site-post-title":"","ast-breadcrumbs-content":"","ast-featured-img":"","footer-sml-layout":"","ast-disable-related-posts":"","theme-transparent-header-meta":"","adv-header-id-meta":"","stick-header-meta":"","header-above-stick-meta":"","header-main-stick-meta":"","header-below-stick-meta":"","astra-migrate-meta-layouts":"set","ast-page-background-enabled":"default","ast-page-background-meta":{"desktop":{"background-color":"","background-image":"","background-repeat":"repeat","background-position":"center center","background-size":"auto","background-attachment":"scroll","background-type":"","background-media":"","overlay-type":"","overlay-color":"","overlay-opacity":"","overlay-gradient":""},"tablet":{"background-color":"","background-image":"","background-repeat":"repeat","background-position":"center center","background-size":"auto","background-attachment":"scroll","background-type":"","background-media":"","overlay-type":"","overlay-color":"","overlay-opacity":"","overlay-gradient":""},"mobile":{"background-color":"","background-image":"","background-repeat":"repeat","background-position":"center center","background-size":"auto","background-attachment":"scroll","background-type":"","background-media":"","overlay-type":"","overlay-color":"","overlay-opacity":"","overlay-gradient":""}},"ast-content-background-meta":{"desktop":{"background-color":"var(--ast-global-color-5)","background-image":"","background-repeat":"repeat","background-position":"center center","background-size":"auto","background-attachment":"scroll","background-type":"","background-media":"","overlay-type":"","overlay-color":"","overlay-opacity":"","overlay-gradient":""},"tablet":{"background-color":"var(--ast-global-color-5)","background-image":"","background-repeat":"repeat","background-position":"center center","background-size":"auto","background-attachment":"scroll","background-type":"","background-media":"","overlay-type":"","overlay-color":"","overlay-opacity":"","overlay-gradient":""},"mobile":{"background-color":"var(--ast-global-color-5)","background-image":"","background-repeat":"repeat","background-position":"center center","background-size":"auto","background-attachment":"scroll","background-type":"","background-media":"","overlay-type":"","overlay-color":"","overlay-opacity":"","overlay-gradient":""}},"footnotes":""},"class_list":["post-4329","page","type-page","status-publish","hentry"],"_links":{"self":[{"href":"https:\/\/nelasante.com\/fr\/wp-json\/wp\/v2\/pages\/4329","targetHints":{"allow":["GET"]}}],"collection":[{"href":"https:\/\/nelasante.com\/fr\/wp-json\/wp\/v2\/pages"}],"about":[{"href":"https:\/\/nelasante.com\/fr\/wp-json\/wp\/v2\/types\/page"}],"author":[{"embeddable":true,"href":"https:\/\/nelasante.com\/fr\/wp-json\/wp\/v2\/users\/6"}],"replies":[{"embeddable":true,"href":"https:\/\/nelasante.com\/fr\/wp-json\/wp\/v2\/comments?post=4329"}],"version-history":[{"count":9,"href":"https:\/\/nelasante.com\/fr\/wp-json\/wp\/v2\/pages\/4329\/revisions"}],"predecessor-version":[{"id":4786,"href":"https:\/\/nelasante.com\/fr\/wp-json\/wp\/v2\/pages\/4329\/revisions\/4786"}],"up":[{"embeddable":true,"href":"https:\/\/nelasante.com\/fr\/wp-json\/wp\/v2\/pages\/2991"}],"wp:attachment":[{"href":"https:\/\/nelasante.com\/fr\/wp-json\/wp\/v2\/media?parent=4329"}],"curies":[{"name":"wp","href":"https:\/\/api.w.org\/{rel}","templated":true}]}}