{"id":4242,"date":"2025-03-24T06:19:32","date_gmt":"2025-03-24T10:19:32","guid":{"rendered":"https:\/\/nelasante.com\/demande-de-banque-de-sang-de-cordon\/"},"modified":"2025-10-31T18:37:56","modified_gmt":"2025-10-31T22:37:56","slug":"demande-de-banque-de-sang-de-cordon","status":"publish","type":"page","link":"https:\/\/nelasante.com\/fr\/services\/demande-de-banque-de-sang-de-cordon\/","title":{"rendered":"Demande de banque de sang de cordon"},"content":{"rendered":"\n<h1>\n\t\t\tDemande de banque de sang de cordon\t<\/h1>\n\t<p>Nela Sant\u00e9 offre aux familles de Montr\u00e9al des conseils fiables sur la mise en banque du sang ombilical et le stockage des cellules souches. La pr\u00e9servation des cellules souches de votre <a href=\"https:\/\/nelasante.com\/fr\/services\/soins-aux-nouveau-nes\/\">nouveau-n\u00e9<\/a>\u00a0est une occasion unique qui peut contribuer \u00e0 de futurs traitements m\u00e9dicaux.<\/p>\n\t\n<div class=\"wpcf7 no-js\" id=\"wpcf7-f4241-o1\" lang=\"fr-FR\" dir=\"ltr\" data-wpcf7-id=\"4241\">\n<div class=\"screen-reader-response\"><p role=\"status\" aria-live=\"polite\" aria-atomic=\"true\"><\/p> <ul><\/ul><\/div>\n<form action=\"\/fr\/wp-json\/wp\/v2\/pages\/4242#wpcf7-f4241-o1\" method=\"post\" class=\"wpcf7-form init\" aria-label=\"Formulaire de contact\" novalidate=\"novalidate\" data-status=\"init\">\n<fieldset class=\"hidden-fields-container\"><input type=\"hidden\" name=\"_wpcf7\" value=\"4241\" \/><input type=\"hidden\" name=\"_wpcf7_version\" value=\"6.1.5\" \/><input type=\"hidden\" name=\"_wpcf7_locale\" value=\"fr_FR\" \/><input type=\"hidden\" name=\"_wpcf7_unit_tag\" value=\"wpcf7-f4241-o1\" \/><input type=\"hidden\" name=\"_wpcf7_container_post\" value=\"0\" \/><input type=\"hidden\" name=\"_wpcf7_posted_data_hash\" value=\"\" \/><input type=\"hidden\" name=\"_wpcf7_recaptcha_response\" value=\"\" \/>\n<\/fieldset>\n<p><span class=\"wpcf7-form-control-wrap\" data-name=\"firstname\"><input size=\"40\" maxlength=\"400\" class=\"wpcf7-form-control wpcf7-text wpcf7-validates-as-required\" aria-required=\"true\" aria-invalid=\"false\" placeholder=\"Pr\u00e9nom *\" value=\"\" type=\"text\" name=\"firstname\" \/><\/span><br \/>\n<span class=\"wpcf7-form-control-wrap\" data-name=\"lastname\"><input size=\"40\" maxlength=\"400\" class=\"wpcf7-form-control wpcf7-text wpcf7-validates-as-required\" aria-required=\"true\" aria-invalid=\"false\" placeholder=\"Nom *\" value=\"\" type=\"text\" name=\"lastname\" \/><\/span><br \/>\n<span class=\"wpcf7-form-control-wrap\" data-name=\"tel\"><input size=\"40\" maxlength=\"400\" class=\"wpcf7-form-control wpcf7-tel wpcf7-validates-as-required wpcf7-text wpcf7-validates-as-tel\" aria-required=\"true\" aria-invalid=\"false\" placeholder=\"Num\u00e9ro de t\u00e9l\u00e9phone *\" value=\"\" type=\"tel\" name=\"tel\" \/><\/span><br \/>\n<span class=\"wpcf7-form-control-wrap\" data-name=\"email\"><input size=\"40\" maxlength=\"400\" class=\"wpcf7-form-control wpcf7-email wpcf7-validates-as-required wpcf7-text wpcf7-validates-as-email\" aria-required=\"true\" aria-invalid=\"false\" placeholder=\"Courriel *\" value=\"\" type=\"email\" name=\"email\" \/><\/span><br \/>\n<span class=\"wpcf7-form-control-wrap\" data-name=\"hospital\"><input size=\"40\" maxlength=\"400\" class=\"wpcf7-form-control wpcf7-text wpcf7-validates-as-required\" aria-required=\"true\" aria-invalid=\"false\" placeholder=\"Centre d\u2019accouchement *\" value=\"\" type=\"text\" name=\"hospital\" \/><\/span><br \/>\n<span class=\"form-date\">Date d\u2019accouchement pr\u00e9vue<\/span><br \/>\n<span class=\"wpcf7-form-control-wrap\" data-name=\"Date\"><input class=\"wpcf7-form-control wpcf7-date wpcf7-validates-as-required wpcf7-validates-as-date\" aria-required=\"true\" aria-invalid=\"false\" value=\"\" type=\"date\" name=\"Date\" \/><\/span><br \/>\n<input class=\"wpcf7-form-control wpcf7-submit has-spinner\" type=\"submit\" value=\"Soumettre\" \/>\n<\/p><input type=\"hidden\" id=\"ct_checkjs_cf7_903ce9225fca3e988c2af215d4e544d3\" name=\"ct_checkjs_cf7\" value=\"0\" \/><script >setTimeout(function(){var ct_input_name = \"ct_checkjs_cf7_903ce9225fca3e988c2af215d4e544d3\";if (document.getElementById(ct_input_name) !== null) {var ct_input_value = document.getElementById(ct_input_name).value;document.getElementById(ct_input_name).value = document.getElementById(ct_input_name).value.replace(ct_input_value, 'b4d5d2ecc7bf665b904996d2f290ce000af7176c69e70f4c3de160e09190b16d');}}, 1000);<\/script><input\n                    class=\"apbct_special_field apbct_email_id__wp_contact_form_7\"\n                    name=\"apbct__email_id__wp_contact_form_7\"\n                    aria-label=\"apbct__label_id__wp_contact_form_7\"\n                    type=\"text\" size=\"30\" maxlength=\"200\" autocomplete=\"off\"\n                    value=\"\"\n                \/><input type='hidden' class='wpcf7-pum' value='{\"closepopup\":false,\"closedelay\":0,\"openpopup\":false,\"openpopup_id\":0}' \/><div class=\"wpcf7-response-output\" aria-hidden=\"true\"><\/div>\n<\/form>\n<\/div>\n\n\t<p>Nela Sant\u00e9 s&rsquo;assure que vous disposez de toutes les informations n\u00e9cessaires pour d\u00e9cider en toute confiance de conserver les cellules souches de votre nouveau-n\u00e9.<\/p>\n<p>Remplissez ce formulaire pour recevoir par e-mail votre dossier d&rsquo;information sur la conservation du sang et des tissus du cordon ombilical, ainsi qu&rsquo;un code promotionnel exclusif.<\/p>\n\t<h3 data-start=\"512\" data-end=\"550\">Pourquoi envisager une banque de sang de cordon ?<\/h3>\n<ul data-start=\"551\" data-end=\"972\">\n<li data-start=\"551\" data-end=\"686\">\nLe sang de cordon ombilical est une riche source de cellules souches qui peuvent \u00eatre utilis\u00e9es dans des th\u00e9rapies approuv\u00e9es pour certains troubles <a href=\"https:\/\/nelasante.com\/fr\/services\/tests-sanguins\/\">sanguins<\/a> et immunitaires.\n<\/li>\n<li data-start=\"687\" data-end=\"786\">\nLa conservation des cellules souches permet aux familles de garder une r\u00e9serve s\u00fbre pour d&rsquo;\u00e9ventuels traitements futurs.\n<\/li>\n<li data-start=\"787\" data-end=\"873\">\nDes installations de stockage accr\u00e9dit\u00e9es garantissent la s\u00e9curit\u00e9 de la collecte, du transport et de la conservation. Pour les familles qui ont besoin d&rsquo;un soutien continu, nos infirmi\u00e8res dipl\u00f4m\u00e9es fournissent \u00e9galement des services d&rsquo;<a href=\"https:\/\/nelasante.com\/fr\/services\/administration-des-medicaments\/\" rel=\"noopener\" data-start=\"603\" data-end=\"698\">administration de m\u00e9dicaments<\/a> \u00e0 domicile pour des soins s\u00fbrs et professionnels. \n<\/li>\n<li data-start=\"874\" data-end=\"972\">\nDe nombreux parents optent pour la mise en banque du sang de cordon ombilical afin de renforcer la s\u00e9curit\u00e9 de la sant\u00e9 de leur enfant.\n<\/li>\n<\/ul>\n<h3 data-start=\"979\" data-end=\"1026\">Comment Nela Sant\u00e9 aide les familles \u00e0 Montr\u00e9al<\/h3>\n<ul data-start=\"1027\" data-end=\"1371\">\n<li data-start=\"1027\" data-end=\"1118\">\nNous mettons les futurs parents en contact avec des services fiables de banque de sang ombilical \u00e0 Montr\u00e9al.\n<\/li>\n<li data-start=\"1119\" data-end=\"1199\">\nLes familles re\u00e7oivent des informations claires et factuelles qui leur permettent de prendre une d\u00e9cision \u00e9clair\u00e9e.\n<\/li>\n<li data-start=\"1200\" data-end=\"1282\">\nNos infirmi\u00e8res vous apportent un soutien bienveillant et vous expliquent le processus \u00e9tape par \u00e9tape.\n<\/li>\n<li data-start=\"1283\" data-end=\"1371\">\nDemandez un dossier d&rsquo;information pour en savoir plus sur la collecte, les options de stockage et les tarifs.\n<\/li>\n<\/ul>\n\t\t\t<a href=\"https:\/\/book.squareup.com\/appointments\/iuresfex4eqvns\/location\/LTJ2VX97TWS0E\/services\/ZZUN3MCF5IPWKHUVPRQ36MBA\" target=\"_blank\" rel=\"noopener\">\n\t\t\t\t\t\t\tR\u00c9SERVEZ MAINTENANT\n\t\t\t\t\t<\/a>\n<h2>\n\t\t\tQuestions fr\u00e9quemment pos\u00e9es\t<\/h2>\n\t<strong data-start=\"179\" data-end=\"210\">Qu&rsquo;est-ce qu&rsquo;une banque de sang de cordon ?<\/strong><br data-start=\"210\" data-end=\"213\"\/>La banque de sang de cordon est le processus de collecte et de stockage des cellules souches du sang du cordon ombilical d&rsquo;un nouveau-n\u00e9. Ces cellules peuvent \u00eatre conserv\u00e9es en vue d&rsquo;une utilisation m\u00e9dicale future dans le traitement de certaines maladies du sang et du syst\u00e8me immunitaire. \n<strong data-start=\"433\" data-end=\"463\">Le stockage des cellules souches est-il s\u00fbr ?<\/strong><br data-start=\"463\" data-end=\"466\"\/>Oui. Le sang de cordon est pr\u00e9lev\u00e9 imm\u00e9diatement apr\u00e8s la naissance au cours d&rsquo;une proc\u00e9dure indolore et sans danger pour la m\u00e8re et l&rsquo;enfant. Les \u00e9chantillons sont transport\u00e9s vers des laboratoires accr\u00e9dit\u00e9s o\u00f9 ils sont trait\u00e9s et conserv\u00e9s dans des conditions contr\u00f4l\u00e9es.  \n<strong data-start=\"697\" data-end=\"731\">Qui peut utiliser les cellules souches stock\u00e9es ?<\/strong><br data-start=\"731\" data-end=\"734\"\/>Les cellules souches du sang de cordon ombilical conserv\u00e9es peuvent \u00eatre utilis\u00e9es par l&rsquo;enfant sur lequel elles ont \u00e9t\u00e9 pr\u00e9lev\u00e9es et, dans certains cas, par des membres de la famille proche en cas de compatibilit\u00e9 g\u00e9n\u00e9tique. L&rsquo;utilisation clinique d\u00e9pend de l&rsquo;\u00e9valuation m\u00e9dicale et de l&rsquo;\u00e9tat de sant\u00e9. \n<strong data-start=\"947\" data-end=\"989\">Combien co\u00fbte la mise en banque du sang de cordon ombilical ?<\/strong><br data-start=\"989\" data-end=\"992\"\/>Les co\u00fbts varient en fonction de l&rsquo;installation de stockage et de la dur\u00e9e de stockage. Les familles paient g\u00e9n\u00e9ralement des frais de collecte initiaux et des frais de stockage annuels pour la conservation de l&rsquo;\u00e9chantillon dans des installations s\u00e9curis\u00e9es. \n<strong data-start=\"1191\" data-end=\"1237\">Pendant combien d&rsquo;ann\u00e9es devez-vous conserver le sang de cordon ombilical ?<\/strong><br data-start=\"1237\" data-end=\"1240\"\/>La plupart des familles choisissent de conserver le sang de cordon pendant 18 \u00e0 25 ans. Les cellules souches restent viables pendant des d\u00e9cennies lorsqu&rsquo;elles sont correctement cryoconserv\u00e9es, certaines \u00e9tudes confirmant une utilisation r\u00e9ussie apr\u00e8s plus de 20 ans de stockage. \n\t<p><em>Clause de non-responsabilit\u00e9 : Les banques de sang de cordon ne garantissent pas le traitement de toutes les maladies. L&rsquo;utilisation des cellules souches stock\u00e9es d\u00e9pend de l&rsquo;\u00e9valuation m\u00e9dicale et de l&rsquo;\u00e9ligibilit\u00e9. <\/em><\/p>\n\n","protected":false},"excerpt":{"rendered":"<p>Demande de banque de sang de cordon Nela Sant\u00e9 offre aux familles de Montr\u00e9al des conseils fiables sur la mise en banque du sang ombilical et le stockage des cellules souches. La pr\u00e9servation des cellules souches de votre nouveau-n\u00e9\u00a0est une occasion unique qui peut contribuer \u00e0 de futurs traitements m\u00e9dicaux. Nela Sant\u00e9 s&rsquo;assure que vous [&hellip;]<\/p>\n","protected":false},"author":6,"featured_media":0,"parent":2991,"menu_order":0,"comment_status":"closed","ping_status":"closed","template":"","meta":{"site-sidebar-layout":"default","site-content-layout":"","ast-site-content-layout":"default","site-content-style":"default","site-sidebar-style":"default","ast-global-header-display":"","ast-banner-title-visibility":"","ast-main-header-display":"","ast-hfb-above-header-display":"","ast-hfb-below-header-display":"","ast-hfb-mobile-header-display":"","site-post-title":"disabled","ast-breadcrumbs-content":"","ast-featured-img":"","footer-sml-layout":"","ast-disable-related-posts":"","theme-transparent-header-meta":"","adv-header-id-meta":"","stick-header-meta":"","header-above-stick-meta":"","header-main-stick-meta":"","header-below-stick-meta":"","astra-migrate-meta-layouts":"set","ast-page-background-enabled":"default","ast-page-background-meta":{"desktop":{"background-color":"","background-image":"","background-repeat":"repeat","background-position":"center center","background-size":"auto","background-attachment":"scroll","background-type":"","background-media":"","overlay-type":"","overlay-color":"","overlay-opacity":"","overlay-gradient":""},"tablet":{"background-color":"","background-image":"","background-repeat":"repeat","background-position":"center center","background-size":"auto","background-attachment":"scroll","background-type":"","background-media":"","overlay-type":"","overlay-color":"","overlay-opacity":"","overlay-gradient":""},"mobile":{"background-color":"","background-image":"","background-repeat":"repeat","background-position":"center center","background-size":"auto","background-attachment":"scroll","background-type":"","background-media":"","overlay-type":"","overlay-color":"","overlay-opacity":"","overlay-gradient":""}},"ast-content-background-meta":{"desktop":{"background-color":"var(--ast-global-color-5)","background-image":"","background-repeat":"repeat","background-position":"center center","background-size":"auto","background-attachment":"scroll","background-type":"","background-media":"","overlay-type":"","overlay-color":"","overlay-opacity":"","overlay-gradient":""},"tablet":{"background-color":"var(--ast-global-color-5)","background-image":"","background-repeat":"repeat","background-position":"center center","background-size":"auto","background-attachment":"scroll","background-type":"","background-media":"","overlay-type":"","overlay-color":"","overlay-opacity":"","overlay-gradient":""},"mobile":{"background-color":"var(--ast-global-color-5)","background-image":"","background-repeat":"repeat","background-position":"center center","background-size":"auto","background-attachment":"scroll","background-type":"","background-media":"","overlay-type":"","overlay-color":"","overlay-opacity":"","overlay-gradient":""}},"footnotes":""},"class_list":["post-4242","page","type-page","status-publish","hentry"],"_links":{"self":[{"href":"https:\/\/nelasante.com\/fr\/wp-json\/wp\/v2\/pages\/4242","targetHints":{"allow":["GET"]}}],"collection":[{"href":"https:\/\/nelasante.com\/fr\/wp-json\/wp\/v2\/pages"}],"about":[{"href":"https:\/\/nelasante.com\/fr\/wp-json\/wp\/v2\/types\/page"}],"author":[{"embeddable":true,"href":"https:\/\/nelasante.com\/fr\/wp-json\/wp\/v2\/users\/6"}],"replies":[{"embeddable":true,"href":"https:\/\/nelasante.com\/fr\/wp-json\/wp\/v2\/comments?post=4242"}],"version-history":[{"count":10,"href":"https:\/\/nelasante.com\/fr\/wp-json\/wp\/v2\/pages\/4242\/revisions"}],"predecessor-version":[{"id":4768,"href":"https:\/\/nelasante.com\/fr\/wp-json\/wp\/v2\/pages\/4242\/revisions\/4768"}],"up":[{"embeddable":true,"href":"https:\/\/nelasante.com\/fr\/wp-json\/wp\/v2\/pages\/2991"}],"wp:attachment":[{"href":"https:\/\/nelasante.com\/fr\/wp-json\/wp\/v2\/media?parent=4242"}],"curies":[{"name":"wp","href":"https:\/\/api.w.org\/{rel}","templated":true}]}}