{"id":4196,"date":"2025-03-16T21:45:54","date_gmt":"2025-03-17T01:45:54","guid":{"rendered":"https:\/\/nelasante.com\/services\/telemedecine\/"},"modified":"2025-10-31T20:50:50","modified_gmt":"2025-11-01T00:50:50","slug":"telemedecine","status":"publish","type":"page","link":"https:\/\/nelasante.com\/fr\/services\/telemedecine\/","title":{"rendered":"T\u00e9l\u00e9m\u00e9decine"},"content":{"rendered":"\n<h1>\n\t\t\tT\u00e9l\u00e9m\u00e9decine\t<\/h1>\n\tRecevez des soins de sant\u00e9 depuis le confort de votre domicile gr\u00e2ce \u00e0 une consultation virtuelle de t\u00e9l\u00e9m\u00e9decine. Que vous cherchiez un conseil m\u00e9dical, une prescription ou une consultation de suivi, nos professionnels de sant\u00e9 exp\u00e9riment\u00e9s sont l\u00e0 pour vous aider. Si n\u00e9cessaire, une ordonnance peut \u00eatre d\u00e9livr\u00e9e et un r\u00e9sum\u00e9 de votre consultation sera communiqu\u00e9 \u00e0 votre m\u00e9decin traitant. Un re\u00e7u m\u00e9dical vous est remis.   \n<ul>\n<li>Consultations de sant\u00e9 g\u00e9n\u00e9ralistes et sp\u00e9cialis\u00e9es<\/li>\n<li>Prescriptions et r\u00e9f\u00e9rences<\/li>\n<li>Services infirmiers : si vous avez besoin d&rsquo;une \u00e9valuation plus approfondie demand\u00e9e par le m\u00e9decin, nos infirmi\u00e8res sp\u00e9cialis\u00e9es se rendront chez vous.<\/li>\n<\/ul>\n<p><strong>Comment \u00e7a marche<\/strong><\/p>\n<ol>\n<li data-list-indent=\"1\" data-list-type=\"numbered\"><strong>Prenez un rendez-vous<\/strong>, remplissez les informations demand\u00e9es.<\/li>\n<li data-list-indent=\"1\" data-list-type=\"numbered\"><strong>Consultez un professionnel<\/strong> &#8211; Consultez un professionnel de sant\u00e9 agr\u00e9\u00e9 qui \u00e9valuera vos sympt\u00f4mes et vous conseillera.<\/li>\n<li data-list-indent=\"1\" data-list-type=\"numbered\"><strong>Recevoir un plan de traitement<\/strong> &#8211; Obtenir des conseils m\u00e9dicaux, des ordonnances si n\u00e9cessaire.<\/li>\n<\/ol>\n<p>Prix : variable<\/p>\n\t\t\t\t<img decoding=\"async\" src=\"https:\/\/nelasante.com\/wp-content\/uploads\/2025\/03\/telemedicine-appointment.webp\" alt=\"telemedicine appointment\" itemprop=\"image\" height=\"500\" width=\"500\" title=\"telemedicine appointment\" onerror=\"this.style.display='none'\" loading=\"lazy\" \/>\n\t\u2190 <a href=\"https:\/\/nelasante.com\/fr\/services\/\"><br \/>\n  <strong>TOUS LES SERVICES<\/strong><br \/>\n<\/a>\n\n","protected":false},"excerpt":{"rendered":"<p>T\u00e9l\u00e9m\u00e9decine Recevez des soins de sant\u00e9 depuis le confort de votre domicile gr\u00e2ce \u00e0 une consultation virtuelle de t\u00e9l\u00e9m\u00e9decine. Que vous cherchiez un conseil m\u00e9dical, une prescription ou une consultation de suivi, nos professionnels de sant\u00e9 exp\u00e9riment\u00e9s sont l\u00e0 pour vous aider. Si n\u00e9cessaire, une ordonnance peut \u00eatre d\u00e9livr\u00e9e et un r\u00e9sum\u00e9 de votre consultation [&hellip;]<\/p>\n","protected":false},"author":6,"featured_media":0,"parent":2991,"menu_order":0,"comment_status":"closed","ping_status":"closed","template":"","meta":{"site-sidebar-layout":"default","site-content-layout":"","ast-site-content-layout":"default","site-content-style":"default","site-sidebar-style":"default","ast-global-header-display":"","ast-banner-title-visibility":"","ast-main-header-display":"","ast-hfb-above-header-display":"","ast-hfb-below-header-display":"","ast-hfb-mobile-header-display":"","site-post-title":"disabled","ast-breadcrumbs-content":"","ast-featured-img":"","footer-sml-layout":"","ast-disable-related-posts":"","theme-transparent-header-meta":"","adv-header-id-meta":"","stick-header-meta":"","header-above-stick-meta":"","header-main-stick-meta":"","header-below-stick-meta":"","astra-migrate-meta-layouts":"set","ast-page-background-enabled":"default","ast-page-background-meta":{"desktop":{"background-color":"","background-image":"","background-repeat":"repeat","background-position":"center center","background-size":"auto","background-attachment":"scroll","background-type":"","background-media":"","overlay-type":"","overlay-color":"","overlay-opacity":"","overlay-gradient":""},"tablet":{"background-color":"","background-image":"","background-repeat":"repeat","background-position":"center center","background-size":"auto","background-attachment":"scroll","background-type":"","background-media":"","overlay-type":"","overlay-color":"","overlay-opacity":"","overlay-gradient":""},"mobile":{"background-color":"","background-image":"","background-repeat":"repeat","background-position":"center center","background-size":"auto","background-attachment":"scroll","background-type":"","background-media":"","overlay-type":"","overlay-color":"","overlay-opacity":"","overlay-gradient":""}},"ast-content-background-meta":{"desktop":{"background-color":"var(--ast-global-color-5)","background-image":"","background-repeat":"repeat","background-position":"center center","background-size":"auto","background-attachment":"scroll","background-type":"","background-media":"","overlay-type":"","overlay-color":"","overlay-opacity":"","overlay-gradient":""},"tablet":{"background-color":"var(--ast-global-color-5)","background-image":"","background-repeat":"repeat","background-position":"center center","background-size":"auto","background-attachment":"scroll","background-type":"","background-media":"","overlay-type":"","overlay-color":"","overlay-opacity":"","overlay-gradient":""},"mobile":{"background-color":"var(--ast-global-color-5)","background-image":"","background-repeat":"repeat","background-position":"center center","background-size":"auto","background-attachment":"scroll","background-type":"","background-media":"","overlay-type":"","overlay-color":"","overlay-opacity":"","overlay-gradient":""}},"footnotes":""},"class_list":["post-4196","page","type-page","status-publish","hentry"],"_links":{"self":[{"href":"https:\/\/nelasante.com\/fr\/wp-json\/wp\/v2\/pages\/4196","targetHints":{"allow":["GET"]}}],"collection":[{"href":"https:\/\/nelasante.com\/fr\/wp-json\/wp\/v2\/pages"}],"about":[{"href":"https:\/\/nelasante.com\/fr\/wp-json\/wp\/v2\/types\/page"}],"author":[{"embeddable":true,"href":"https:\/\/nelasante.com\/fr\/wp-json\/wp\/v2\/users\/6"}],"replies":[{"embeddable":true,"href":"https:\/\/nelasante.com\/fr\/wp-json\/wp\/v2\/comments?post=4196"}],"version-history":[{"count":4,"href":"https:\/\/nelasante.com\/fr\/wp-json\/wp\/v2\/pages\/4196\/revisions"}],"predecessor-version":[{"id":4781,"href":"https:\/\/nelasante.com\/fr\/wp-json\/wp\/v2\/pages\/4196\/revisions\/4781"}],"up":[{"embeddable":true,"href":"https:\/\/nelasante.com\/fr\/wp-json\/wp\/v2\/pages\/2991"}],"wp:attachment":[{"href":"https:\/\/nelasante.com\/fr\/wp-json\/wp\/v2\/media?parent=4196"}],"curies":[{"name":"wp","href":"https:\/\/api.w.org\/{rel}","templated":true}]}}