{"id":4151,"date":"2024-12-24T07:06:51","date_gmt":"2024-12-24T12:06:51","guid":{"rendered":"https:\/\/nelasante.com\/services\/elimination-du-cerumen\/"},"modified":"2025-10-31T20:42:21","modified_gmt":"2025-11-01T00:42:21","slug":"elimination-du-cerumen","status":"publish","type":"page","link":"https:\/\/nelasante.com\/fr\/services\/elimination-du-cerumen\/","title":{"rendered":"Nettoyage du c\u00e9rumen"},"content":{"rendered":"\n<h1>\n\t\t\tElimination du c\u00e9rumen\t<\/h1>\n\t<strong>\u00ab\u00a0Pour de meilleurs r\u00e9sultats, nous recommandons de mettre trois gouttes d&rsquo;huile min\u00e9rale dans chaque oreille trois fois par jour pendant les trois jours pr\u00e9c\u00e9dant votre rendez-vous.<\/strong>\nLes infirmi\u00e8res mobiles de Nela Sant\u00e9 \u00e0 Montr\u00e9al offrent des services professionnels, s\u00e9curitaires et pratiques d&rsquo;\u00e9limination du c\u00e9rumen directement \u00e0 votre domicile. Au lieu de se rendre dans une clinique, nos infirmi\u00e8res dipl\u00f4m\u00e9es viennent chez vous, utilisant des techniques douces et efficaces pour nettoyer les oreilles en profondeur, soulager l&rsquo;inconfort, am\u00e9liorer l&rsquo;audition et pr\u00e9venir les complications caus\u00e9es par le c\u00e9rumen. \nNotre \u00e9quipe d&rsquo;infirmi\u00e8res mobiles donne la priorit\u00e9 au confort et \u00e0 l&rsquo;hygi\u00e8ne, garantissant ainsi une exp\u00e9rience personnalis\u00e9e des soins de l&rsquo;oreille pour les enfants, les adultes et les personnes \u00e2g\u00e9es. Prenez rendez-vous d\u00e8s aujourd&rsquo;hui et profitez d&rsquo;oreilles claires et saines sans quitter votre domicile. \nPour les soins connexes, nos infirmi\u00e8res dipl\u00f4m\u00e9es fournissent \u00e9galement des <a href=\"https:\/\/nelasante.com\/fr\/services\/administration-des-medicaments\/\">services d&rsquo;administration de m\u00e9dicaments<\/a> \u00e0 domicile.\n\t\t\t\t<img decoding=\"async\" src=\"https:\/\/nelasante.com\/wp-content\/uploads\/2024\/12\/Ear-Wax-Removal-Montreal-scaled.jpg\" alt=\"Mother,Is,Doing,Ear,Picking,For,A,Child.,Mother&#039;s,Love.\" itemprop=\"image\" height=\"1707\" width=\"2560\" title=\"Mother,Is,Doing,Ear,Picking,For,A,Child.,Mother&#039;s,Love.\" onerror=\"this.style.display='none'\" loading=\"lazy\" \/>\n\t<h3 data-start=\"835\" data-end=\"876\">Pourquoi choisir l&rsquo;\u00e9pilation \u00e0 domicile ?<\/h3>\n<ul data-start=\"877\" data-end=\"1092\">\n<li data-start=\"877\" data-end=\"935\">\nService pratique \u00e0 domicile assur\u00e9 par des infirmi\u00e8res mobiles agr\u00e9\u00e9es\n<\/li>\n<li data-start=\"936\" data-end=\"988\">\nDes proc\u00e9dures s\u00fbres et hygi\u00e9niques adapt\u00e9es \u00e0 vos besoins\n<\/li>\n<li data-start=\"989\" data-end=\"1040\">\nR\u00e9duit les risques par rapport aux m\u00e9thodes d&rsquo;autonettoyage\n<\/li>\n<li data-start=\"1041\" data-end=\"1092\">\nAm\u00e9liore la clart\u00e9 de l&rsquo;audition et la sant\u00e9 g\u00e9n\u00e9rale de l&rsquo;oreille\n<\/li>\n<\/ul>\n<h3 data-start=\"1099\" data-end=\"1139\">Raisons courantes de l&rsquo;\u00e9limination du c\u00e9rumen<\/h3>\n<ul data-start=\"1140\" data-end=\"1322\">\n<li data-start=\"1140\" data-end=\"1185\">\nOreilles bouch\u00e9es entra\u00eenant des difficult\u00e9s d&rsquo;audition\n<\/li>\n<li data-start=\"1186\" data-end=\"1229\">\nDouleur ou g\u00eane due \u00e0 l&rsquo;accumulation de c\u00e9rumen\n<\/li>\n<li data-start=\"1230\" data-end=\"1283\">\nBourdonnements d&rsquo;oreille (acouph\u00e8nes) caus\u00e9s par l&rsquo;obstruction.\n<\/li>\n<li data-start=\"1284\" data-end=\"1322\">\nPr\u00e9paration \u00e0 l&rsquo;adaptation des aides auditives\n<\/li>\n<\/ul>\n<h2>\n\t\t\tQuestions fr\u00e9quemment pos\u00e9es\t<\/h2>\n\t<h3 data-start=\"135\" data-end=\"181\">Comment enlever le c\u00e9rumen \u00e0 la maison ?<\/h3>\nLes gouttes auriculaires peuvent ramollir le c\u00e9rumen, mais le retrait professionnel par une infirmi\u00e8re agr\u00e9\u00e9e est le moyen le plus s\u00fbr d&rsquo;\u00e9viter les l\u00e9sions de l&rsquo;oreille.\n<h3 data-start=\"346\" data-end=\"415\">Combien de temps faut-il au peroxyde d&rsquo;hydrog\u00e8ne pour d\u00e9boucher les oreilles ?<\/h3>\nPlusieurs jours d&rsquo;utilisation peuvent \u00eatre n\u00e9cessaires pour ramollir le c\u00e9rumen. Pour des r\u00e9sultats plus rapides, il est recommand\u00e9 de faire enlever le c\u00e9rumen par des infirmi\u00e8res mobiles. \n<h3 data-start=\"579\" data-end=\"637\">Est-il bon de se faire enlever le c\u00e9rumen ?<\/h3>\nOui. Lorsqu&rsquo;elle est effectu\u00e9e par des professionnels, l&rsquo;\u00e9limination du c\u00e9rumen am\u00e9liore l&rsquo;audition, pr\u00e9vient les infections et r\u00e9duit la g\u00eane. \n<h3 data-start=\"800\" data-end=\"844\">Pourquoi devrais-je choisir les services de soins infirmiers d&rsquo;oreille ?<\/h3>\nLes services infirmiers mobiles fournissent des soins auriculaires s\u00fbrs et hygi\u00e9niques \u00e0 domicile, effectu\u00e9s par des infirmi\u00e8res dipl\u00f4m\u00e9es \u00e0 l&rsquo;aide d&rsquo;un \u00e9quipement st\u00e9rile.\n\t\u2190 <a href=\"https:\/\/nelasante.com\/fr\/services\/\"><br \/>\n  <strong>TOUS LES SERVICES<\/strong><br \/>\n<\/a>\n\n","protected":false},"excerpt":{"rendered":"<p>Elimination du c\u00e9rumen \u00ab\u00a0Pour de meilleurs r\u00e9sultats, nous recommandons de mettre trois gouttes d&rsquo;huile min\u00e9rale dans chaque oreille trois fois par jour pendant les trois jours pr\u00e9c\u00e9dant votre rendez-vous. Les infirmi\u00e8res mobiles de Nela Sant\u00e9 \u00e0 Montr\u00e9al offrent des services professionnels, s\u00e9curitaires et pratiques d&rsquo;\u00e9limination du c\u00e9rumen directement \u00e0 votre domicile. Au lieu de se [&hellip;]<\/p>\n","protected":false},"author":5,"featured_media":0,"parent":2991,"menu_order":0,"comment_status":"closed","ping_status":"closed","template":"","meta":{"site-sidebar-layout":"default","site-content-layout":"","ast-site-content-layout":"default","site-content-style":"default","site-sidebar-style":"default","ast-global-header-display":"","ast-banner-title-visibility":"","ast-main-header-display":"","ast-hfb-above-header-display":"","ast-hfb-below-header-display":"","ast-hfb-mobile-header-display":"","site-post-title":"disabled","ast-breadcrumbs-content":"","ast-featured-img":"","footer-sml-layout":"","ast-disable-related-posts":"","theme-transparent-header-meta":"","adv-header-id-meta":"","stick-header-meta":"","header-above-stick-meta":"","header-main-stick-meta":"","header-below-stick-meta":"","astra-migrate-meta-layouts":"set","ast-page-background-enabled":"default","ast-page-background-meta":{"desktop":{"background-color":"","background-image":"","background-repeat":"repeat","background-position":"center center","background-size":"auto","background-attachment":"scroll","background-type":"","background-media":"","overlay-type":"","overlay-color":"","overlay-opacity":"","overlay-gradient":""},"tablet":{"background-color":"","background-image":"","background-repeat":"repeat","background-position":"center center","background-size":"auto","background-attachment":"scroll","background-type":"","background-media":"","overlay-type":"","overlay-color":"","overlay-opacity":"","overlay-gradient":""},"mobile":{"background-color":"","background-image":"","background-repeat":"repeat","background-position":"center center","background-size":"auto","background-attachment":"scroll","background-type":"","background-media":"","overlay-type":"","overlay-color":"","overlay-opacity":"","overlay-gradient":""}},"ast-content-background-meta":{"desktop":{"background-color":"var(--ast-global-color-5)","background-image":"","background-repeat":"repeat","background-position":"center center","background-size":"auto","background-attachment":"scroll","background-type":"","background-media":"","overlay-type":"","overlay-color":"","overlay-opacity":"","overlay-gradient":""},"tablet":{"background-color":"var(--ast-global-color-5)","background-image":"","background-repeat":"repeat","background-position":"center center","background-size":"auto","background-attachment":"scroll","background-type":"","background-media":"","overlay-type":"","overlay-color":"","overlay-opacity":"","overlay-gradient":""},"mobile":{"background-color":"var(--ast-global-color-5)","background-image":"","background-repeat":"repeat","background-position":"center center","background-size":"auto","background-attachment":"scroll","background-type":"","background-media":"","overlay-type":"","overlay-color":"","overlay-opacity":"","overlay-gradient":""}},"footnotes":""},"class_list":["post-4151","page","type-page","status-publish","hentry"],"_links":{"self":[{"href":"https:\/\/nelasante.com\/fr\/wp-json\/wp\/v2\/pages\/4151","targetHints":{"allow":["GET"]}}],"collection":[{"href":"https:\/\/nelasante.com\/fr\/wp-json\/wp\/v2\/pages"}],"about":[{"href":"https:\/\/nelasante.com\/fr\/wp-json\/wp\/v2\/types\/page"}],"author":[{"embeddable":true,"href":"https:\/\/nelasante.com\/fr\/wp-json\/wp\/v2\/users\/5"}],"replies":[{"embeddable":true,"href":"https:\/\/nelasante.com\/fr\/wp-json\/wp\/v2\/comments?post=4151"}],"version-history":[{"count":6,"href":"https:\/\/nelasante.com\/fr\/wp-json\/wp\/v2\/pages\/4151\/revisions"}],"predecessor-version":[{"id":4779,"href":"https:\/\/nelasante.com\/fr\/wp-json\/wp\/v2\/pages\/4151\/revisions\/4779"}],"up":[{"embeddable":true,"href":"https:\/\/nelasante.com\/fr\/wp-json\/wp\/v2\/pages\/2991"}],"wp:attachment":[{"href":"https:\/\/nelasante.com\/fr\/wp-json\/wp\/v2\/media?parent=4151"}],"curies":[{"name":"wp","href":"https:\/\/api.w.org\/{rel}","templated":true}]}}