{"id":4133,"date":"2024-12-24T06:15:03","date_gmt":"2024-12-24T11:15:03","guid":{"rendered":"https:\/\/nelasante.com\/services\/retrait-des-sutures\/"},"modified":"2025-10-31T20:48:59","modified_gmt":"2025-11-01T00:48:59","slug":"soins-des-plaies","status":"publish","type":"page","link":"https:\/\/nelasante.com\/fr\/services\/soins-des-plaies\/","title":{"rendered":"Soins des plaies"},"content":{"rendered":"\n<h1>\n\t\t\tSoins des plaies\t<\/h1>\n\tNos infirmi\u00e8res mobiles proposent des services de changement de pansements professionnels et sans souci, \u00e0 votre convenance. Que vous ayez subi une intervention chirurgicale mineure, des points de suture pour une plaie ou toute autre proc\u00e9dure, nous assurons un retrait s\u00fbr et confortable pour favoriser une bonne cicatrisation. \n<p>Une recommandation d&rsquo;un m\u00e9decin est n\u00e9cessaire pour ce service. Veuillez nous contacter pour plus d&rsquo;informations. <\/p>\n\t<ul data-start=\"652\" data-end=\"952\">\n<li data-start=\"652\" data-end=\"747\">\n\u00c9valuations \u00e0 domicile\n<\/li>\n<li data-start=\"748\" data-end=\"821\">\nChangement de pansement\n<\/li>\n<li data-start=\"822\" data-end=\"891\">\nSoins des plaies\n<\/li>\n<\/ul>\n\t\t\t\t<img decoding=\"async\" src=\"https:\/\/nelasante.com\/wp-content\/uploads\/2024\/12\/Suture-Removal-Montreal-scaled.jpg\" alt=\"Dermatologist,Or,Plastic,Surgery,Doctor,Checking,Mold,Removal,Stitches,Using\" itemprop=\"image\" height=\"1577\" width=\"2560\" title=\"Dermatologist,Or,Plastic,Surgery,Doctor,Checking,Mold,Removal,Stitches,Using\" onerror=\"this.style.display='none'\" loading=\"lazy\" \/>\n\t\u2190 <a href=\"https:\/\/nelasante.com\/fr\/services\/\"><br \/>\n  <strong>TOUS LES SERVICES<\/strong><br \/>\n<\/a>\n\n","protected":false},"excerpt":{"rendered":"<p>Soins des plaies Nos infirmi\u00e8res mobiles proposent des services de changement de pansements professionnels et sans souci, \u00e0 votre convenance. Que vous ayez subi une intervention chirurgicale mineure, des points de suture pour une plaie ou toute autre proc\u00e9dure, nous assurons un retrait s\u00fbr et confortable pour favoriser une bonne cicatrisation. Une recommandation d&rsquo;un m\u00e9decin [&hellip;]<\/p>\n","protected":false},"author":5,"featured_media":0,"parent":2991,"menu_order":0,"comment_status":"closed","ping_status":"closed","template":"","meta":{"site-sidebar-layout":"default","site-content-layout":"","ast-site-content-layout":"default","site-content-style":"default","site-sidebar-style":"default","ast-global-header-display":"","ast-banner-title-visibility":"","ast-main-header-display":"","ast-hfb-above-header-display":"","ast-hfb-below-header-display":"","ast-hfb-mobile-header-display":"","site-post-title":"disabled","ast-breadcrumbs-content":"","ast-featured-img":"","footer-sml-layout":"","ast-disable-related-posts":"","theme-transparent-header-meta":"","adv-header-id-meta":"","stick-header-meta":"","header-above-stick-meta":"","header-main-stick-meta":"","header-below-stick-meta":"","astra-migrate-meta-layouts":"set","ast-page-background-enabled":"default","ast-page-background-meta":{"desktop":{"background-color":"","background-image":"","background-repeat":"repeat","background-position":"center center","background-size":"auto","background-attachment":"scroll","background-type":"","background-media":"","overlay-type":"","overlay-color":"","overlay-opacity":"","overlay-gradient":""},"tablet":{"background-color":"","background-image":"","background-repeat":"repeat","background-position":"center center","background-size":"auto","background-attachment":"scroll","background-type":"","background-media":"","overlay-type":"","overlay-color":"","overlay-opacity":"","overlay-gradient":""},"mobile":{"background-color":"","background-image":"","background-repeat":"repeat","background-position":"center center","background-size":"auto","background-attachment":"scroll","background-type":"","background-media":"","overlay-type":"","overlay-color":"","overlay-opacity":"","overlay-gradient":""}},"ast-content-background-meta":{"desktop":{"background-color":"var(--ast-global-color-5)","background-image":"","background-repeat":"repeat","background-position":"center center","background-size":"auto","background-attachment":"scroll","background-type":"","background-media":"","overlay-type":"","overlay-color":"","overlay-opacity":"","overlay-gradient":""},"tablet":{"background-color":"var(--ast-global-color-5)","background-image":"","background-repeat":"repeat","background-position":"center center","background-size":"auto","background-attachment":"scroll","background-type":"","background-media":"","overlay-type":"","overlay-color":"","overlay-opacity":"","overlay-gradient":""},"mobile":{"background-color":"var(--ast-global-color-5)","background-image":"","background-repeat":"repeat","background-position":"center center","background-size":"auto","background-attachment":"scroll","background-type":"","background-media":"","overlay-type":"","overlay-color":"","overlay-opacity":"","overlay-gradient":""}},"footnotes":""},"class_list":["post-4133","page","type-page","status-publish","hentry"],"_links":{"self":[{"href":"https:\/\/nelasante.com\/fr\/wp-json\/wp\/v2\/pages\/4133","targetHints":{"allow":["GET"]}}],"collection":[{"href":"https:\/\/nelasante.com\/fr\/wp-json\/wp\/v2\/pages"}],"about":[{"href":"https:\/\/nelasante.com\/fr\/wp-json\/wp\/v2\/types\/page"}],"author":[{"embeddable":true,"href":"https:\/\/nelasante.com\/fr\/wp-json\/wp\/v2\/users\/5"}],"replies":[{"embeddable":true,"href":"https:\/\/nelasante.com\/fr\/wp-json\/wp\/v2\/comments?post=4133"}],"version-history":[{"count":8,"href":"https:\/\/nelasante.com\/fr\/wp-json\/wp\/v2\/pages\/4133\/revisions"}],"predecessor-version":[{"id":4780,"href":"https:\/\/nelasante.com\/fr\/wp-json\/wp\/v2\/pages\/4133\/revisions\/4780"}],"up":[{"embeddable":true,"href":"https:\/\/nelasante.com\/fr\/wp-json\/wp\/v2\/pages\/2991"}],"wp:attachment":[{"href":"https:\/\/nelasante.com\/fr\/wp-json\/wp\/v2\/media?parent=4133"}],"curies":[{"name":"wp","href":"https:\/\/api.w.org\/{rel}","templated":true}]}}