{"id":3833,"date":"2024-09-30T22:26:00","date_gmt":"2024-10-01T02:26:00","guid":{"rendered":"https:\/\/nelasante.com\/calendrier-de-vaccination-standard\/"},"modified":"2025-10-31T17:11:09","modified_gmt":"2025-10-31T21:11:09","slug":"calendrier-de-vaccination-standard","status":"publish","type":"page","link":"https:\/\/nelasante.com\/fr\/calendrier-de-vaccination-standard\/","title":{"rendered":"Calendrier de vaccination"},"content":{"rendered":"\n<h1>\n\t\tCalendriers de vaccination\n\t<\/h1>\n<h2>\n\t\tCalendrier de vaccination standard\n\t<\/h2>\n\t<p>Chaque vaccin du calendrier standard est \u00e9tabli selon les principes suivants :<\/p>\n<ul>\n<li>Le vaccin est administr\u00e9 au moment o\u00f9 le risque de contracter la maladie est le plus \u00e9lev\u00e9.<\/li>\n<li>Le vaccin est efficace \u00e0 l&rsquo;\u00e2ge o\u00f9 il est administr\u00e9.<\/li>\n<li>Le nombre de doses doit fournir une protection imm\u00e9diate.<\/li>\n<li>Le vaccin est donn\u00e9 \u00e0 un \u00e2ge o\u00f9 il g\u00e9n\u00e8re le moins de sympt\u00f4mes.<\/li>\n<li>Le besoin et le moment d&rsquo;administrer des doses suppl\u00e9mentaires pour assurer une protection \u00e0 long terme sont \u00e9valu\u00e9s.<\/li>\n<\/ul>\n<h3>\n\t\tCalendrier de vaccination standard\n\t<\/h3>\n\t<table>\n    <thead>\n        <tr>\n             <th> \u00c2ge <\/th><th>Vaccins<\/th><th>Pr\u00e9cisions<\/th> \n        <\/tr>\n    <\/thead>\n    <tbody>\n        <tr>\n            <td>Naissance<\/td>\n            <td>Ac-VRS* (en saison)<\/td>\n            <td>Administrer d\u00e8s que possible apr\u00e8s la naissance<\/td>\n        <\/tr>\n        <tr>\n            <td>2 mois<\/td>\n            <td>DCaT\u2011HB\u2011VPI\u2011Hib, Pneu\u2011C\u201110, Rota, s. o.<\/td>\n            \n        <\/tr>\n        <tr>\n            <td>4 mois<\/td>\n            <td>DCaT\u2011HB\u2011VPI\u2011Hib, Pneu\u2011C\u201110, Rota<\/td>\n            <td>Pneu-C-10 : Ajouter une dose suppl\u00e9mentaire \u00e0 6 mois pour les enfants \u00e0 haut risque.DCaT-VPI-Hib : Ajouter une dose \u00e0 6 mois pour certains enfants \u00e0 risque.<\/td>\n        <\/tr>\n        <tr>\n            <td>1 an<\/td>\n            <td>DCaT-VPI-Hib, Pneu\u2011C\u201113, RRO-Var<\/td>\n            <td>Administrer ces 3 vaccins le jour du 1er anniversaire ou le plus t\u00f4t possible apr\u00e8s<\/td>\n        <\/tr>\n        <tr>\n            <td>18 mois<\/td>\n            <td>HAHB, RRO\u2011Var, Men-C-C, s. o.<\/td>\n            \n        <\/tr>\n        <tr>\n            <td>4 \u00e0 6 ans<\/td>\n            <td>dcaT\u2011VPI, Var<\/td>\n            <td>Var : Administrer si l&rsquo;enfant n&rsquo;a pas encore re\u00e7u 2 doses du composant Var<\/td>\n        <\/tr>\n        <tr>\n            <td>4e ann\u00e9e<\/td>\n            <td>HA, VPH-9<\/td>\n            <td>Programmes scolaires :HA pour les enfants n\u00e9s avant le 1er juin 2019VPH-9<\/td>\n        <\/tr>\n        <tr>\n            <td>14 \u00e0 16 ans<\/td>\n            <td>dT, Men\u2011C\u2011ACWY, HB<\/td>\n            <td>Programmes de 3e ann\u00e9e du secondaire :HB pour les \u00e9l\u00e8ves de 4e ann\u00e9e du primaire depuis 2019-2020Men-C-ACWYdT<\/td>\n        <\/tr>\n    <\/tbody>\n<\/table>\n<p>*fournissant prevnar 20 depuis 2024*<\/p>\n\t<p><b>Femme enceinte<\/b><\/p>\n<ul>\n<li><b>dcaT<\/b>: \u00c0 administrer \u00e0 chaque grossesse, quels que soient les ant\u00e9c\u00e9dents vaccinaux. De pr\u00e9f\u00e9rence entre 26 et 32 semaines.<\/li>\n<\/ul>\n<p><b>Adultes<\/b><\/p>\n<ul>\n<li><b>50 ans<\/b>: Mettre \u00e0 jour la vaccination dT. Aucun rappel n\u00e9cessaire si une dose a \u00e9t\u00e9 donn\u00e9e apr\u00e8s 40 ans.<\/li>\n<li><b>65 ans<\/b>: Pneu\u2011P\u201123.<\/li>\n<li><b>75 ans<\/b>: Vaccin contre la grippe annuel, Zona-SU.<\/li>\n<\/ul>\n<p><i>Bien que l&rsquo;Ac-VRS ne soit pas un vaccin, il fait partie du calendrier de vaccination des nourrissons.<\/i><\/p>\n<p>SOURCE : <a href=\"https:\/\/www.msss.gouv.qc.ca\/professionnels\/vaccination\/piq-calendriers-de-vaccination\/calendrier-regulier-de-vaccination\/\">https:\/\/www.msss.gouv.qc.ca\/professionnels\/vaccination\/piq-calendriers-de-vaccination\/calendrier-regulier-de-vaccination\/<\/a><\/p>\n\t\t\t<a href=\"https:\/\/squareup.com\/appointments\/book\/iuresfex4eqvns\/LTJ2VX97TWS0E\/start\" target=\"_blank\" rel=\"noopener\">\n\t\t\t\t\t\t\tR\u00e9servez maintenant\n\t\t\t\t\t<\/a>\n\n","protected":false},"excerpt":{"rendered":"<p>Calendriers de vaccination Calendrier de vaccination standard Chaque vaccin du calendrier standard est \u00e9tabli selon les principes suivants : Le vaccin est administr\u00e9 au moment o\u00f9 le risque de contracter la maladie est le plus \u00e9lev\u00e9. Le vaccin est efficace \u00e0 l&rsquo;\u00e2ge o\u00f9 il est administr\u00e9. Le nombre de doses doit fournir une protection imm\u00e9diate. [&hellip;]<\/p>\n","protected":false},"author":5,"featured_media":0,"parent":0,"menu_order":0,"comment_status":"closed","ping_status":"closed","template":"","meta":{"site-sidebar-layout":"default","site-content-layout":"","ast-site-content-layout":"default","site-content-style":"default","site-sidebar-style":"default","ast-global-header-display":"","ast-banner-title-visibility":"","ast-main-header-display":"","ast-hfb-above-header-display":"","ast-hfb-below-header-display":"","ast-hfb-mobile-header-display":"","site-post-title":"disabled","ast-breadcrumbs-content":"","ast-featured-img":"","footer-sml-layout":"","ast-disable-related-posts":"","theme-transparent-header-meta":"","adv-header-id-meta":"","stick-header-meta":"","header-above-stick-meta":"","header-main-stick-meta":"","header-below-stick-meta":"","astra-migrate-meta-layouts":"set","ast-page-background-enabled":"default","ast-page-background-meta":{"desktop":{"background-color":"","background-image":"","background-repeat":"repeat","background-position":"center center","background-size":"auto","background-attachment":"scroll","background-type":"","background-media":"","overlay-type":"","overlay-color":"","overlay-opacity":"","overlay-gradient":""},"tablet":{"background-color":"","background-image":"","background-repeat":"repeat","background-position":"center center","background-size":"auto","background-attachment":"scroll","background-type":"","background-media":"","overlay-type":"","overlay-color":"","overlay-opacity":"","overlay-gradient":""},"mobile":{"background-color":"","background-image":"","background-repeat":"repeat","background-position":"center center","background-size":"auto","background-attachment":"scroll","background-type":"","background-media":"","overlay-type":"","overlay-color":"","overlay-opacity":"","overlay-gradient":""}},"ast-content-background-meta":{"desktop":{"background-color":"var(--ast-global-color-5)","background-image":"","background-repeat":"repeat","background-position":"center center","background-size":"auto","background-attachment":"scroll","background-type":"","background-media":"","overlay-type":"","overlay-color":"","overlay-opacity":"","overlay-gradient":""},"tablet":{"background-color":"var(--ast-global-color-5)","background-image":"","background-repeat":"repeat","background-position":"center center","background-size":"auto","background-attachment":"scroll","background-type":"","background-media":"","overlay-type":"","overlay-color":"","overlay-opacity":"","overlay-gradient":""},"mobile":{"background-color":"var(--ast-global-color-5)","background-image":"","background-repeat":"repeat","background-position":"center center","background-size":"auto","background-attachment":"scroll","background-type":"","background-media":"","overlay-type":"","overlay-color":"","overlay-opacity":"","overlay-gradient":""}},"footnotes":""},"class_list":["post-3833","page","type-page","status-publish","hentry"],"_links":{"self":[{"href":"https:\/\/nelasante.com\/fr\/wp-json\/wp\/v2\/pages\/3833","targetHints":{"allow":["GET"]}}],"collection":[{"href":"https:\/\/nelasante.com\/fr\/wp-json\/wp\/v2\/pages"}],"about":[{"href":"https:\/\/nelasante.com\/fr\/wp-json\/wp\/v2\/types\/page"}],"author":[{"embeddable":true,"href":"https:\/\/nelasante.com\/fr\/wp-json\/wp\/v2\/users\/5"}],"replies":[{"embeddable":true,"href":"https:\/\/nelasante.com\/fr\/wp-json\/wp\/v2\/comments?post=3833"}],"version-history":[{"count":3,"href":"https:\/\/nelasante.com\/fr\/wp-json\/wp\/v2\/pages\/3833\/revisions"}],"predecessor-version":[{"id":4764,"href":"https:\/\/nelasante.com\/fr\/wp-json\/wp\/v2\/pages\/3833\/revisions\/4764"}],"wp:attachment":[{"href":"https:\/\/nelasante.com\/fr\/wp-json\/wp\/v2\/media?parent=3833"}],"curies":[{"name":"wp","href":"https:\/\/api.w.org\/{rel}","templated":true}]}}