{"id":3598,"date":"2024-04-02T10:37:13","date_gmt":"2024-04-02T14:37:13","guid":{"rendered":"https:\/\/nelasante.com\/services\/soins-aux-nouveau-nes\/"},"modified":"2025-10-31T20:39:25","modified_gmt":"2025-11-01T00:39:25","slug":"soins-aux-nouveau-nes","status":"publish","type":"page","link":"https:\/\/nelasante.com\/fr\/services\/soins-aux-nouveau-nes\/","title":{"rendered":"Soins aux nouveau-n\u00e9s"},"content":{"rendered":"\n<h1>\n\t\t\tSoins aux nouveau-n\u00e9s\t<\/h1>\n<h2>\n\t\t\tVaccins p\u00e9diatriques avec Nela Sant\u00e9 depuis le confort de votre domicile &#8211; Grande r\u00e9gion de Montr\u00e9al\t<\/h2>\n\tLes enfants ont besoin de vaccinations p\u00e9diatriques pour les prot\u00e9ger contre diverses maladies graves. Les vaccinations aident \u00e0 renforcer leur syst\u00e8me immunitaire, les rendant plus capables de lutter contre les infections. En vaccinant les enfants, nous assurons leur bonne sant\u00e9 et nous emp\u00eachons la propagation des maladies au sein de la communaut\u00e9.\n\t<ul>\n<li>\n<h2>Bilan de sant\u00e9 et test sanguin pour nouveau-n\u00e9<\/h2>\n<\/li>\n<li>\n<h2>Premi\u00e8re visite de soins pour nouveau-n\u00e9 &#8211; \u00e9valuation et enseignement<\/h2>\n<\/li>\n<li>\n<h2>Preservation du sang de cordon\u00a0umbilical<\/h2>\n<\/li>\n<\/ul>\n<p>Pour en savoir plus sur la vaccination standard, vous pouvez consulter\u00a0:\u00a0\u00a0<a href=\"https:\/\/nelasante.com\/fr\/calendrier-de-vaccination-standard\/\">Calendrier de vaccination standard<\/a><\/p>\n\t\u2190 <a href=\"https:\/\/nelasante.com\/fr\/services\/\"><strong>TOUS LES SERVICES<\/strong><br \/>\n<\/a>\n\n","protected":false},"excerpt":{"rendered":"<p>Soins aux nouveau-n\u00e9s Vaccins p\u00e9diatriques avec Nela Sant\u00e9 depuis le confort de votre domicile &#8211; Grande r\u00e9gion de Montr\u00e9al Les enfants ont besoin de vaccinations p\u00e9diatriques pour les prot\u00e9ger contre diverses maladies graves. Les vaccinations aident \u00e0 renforcer leur syst\u00e8me immunitaire, les rendant plus capables de lutter contre les infections. En vaccinant les enfants, nous [&hellip;]<\/p>\n","protected":false},"author":5,"featured_media":2927,"parent":2991,"menu_order":0,"comment_status":"closed","ping_status":"closed","template":"","meta":{"site-sidebar-layout":"default","site-content-layout":"","ast-site-content-layout":"default","site-content-style":"default","site-sidebar-style":"default","ast-global-header-display":"","ast-banner-title-visibility":"","ast-main-header-display":"","ast-hfb-above-header-display":"","ast-hfb-below-header-display":"","ast-hfb-mobile-header-display":"","site-post-title":"disabled","ast-breadcrumbs-content":"","ast-featured-img":"disabled","footer-sml-layout":"","ast-disable-related-posts":"","theme-transparent-header-meta":"","adv-header-id-meta":"","stick-header-meta":"","header-above-stick-meta":"","header-main-stick-meta":"","header-below-stick-meta":"","astra-migrate-meta-layouts":"set","ast-page-background-enabled":"default","ast-page-background-meta":{"desktop":{"background-color":"","background-image":"","background-repeat":"repeat","background-position":"center center","background-size":"auto","background-attachment":"scroll","background-type":"","background-media":"","overlay-type":"","overlay-color":"","overlay-opacity":"","overlay-gradient":""},"tablet":{"background-color":"","background-image":"","background-repeat":"repeat","background-position":"center center","background-size":"auto","background-attachment":"scroll","background-type":"","background-media":"","overlay-type":"","overlay-color":"","overlay-opacity":"","overlay-gradient":""},"mobile":{"background-color":"","background-image":"","background-repeat":"repeat","background-position":"center center","background-size":"auto","background-attachment":"scroll","background-type":"","background-media":"","overlay-type":"","overlay-color":"","overlay-opacity":"","overlay-gradient":""}},"ast-content-background-meta":{"desktop":{"background-color":"var(--ast-global-color-5)","background-image":"","background-repeat":"repeat","background-position":"center center","background-size":"auto","background-attachment":"scroll","background-type":"","background-media":"","overlay-type":"","overlay-color":"","overlay-opacity":"","overlay-gradient":""},"tablet":{"background-color":"var(--ast-global-color-5)","background-image":"","background-repeat":"repeat","background-position":"center center","background-size":"auto","background-attachment":"scroll","background-type":"","background-media":"","overlay-type":"","overlay-color":"","overlay-opacity":"","overlay-gradient":""},"mobile":{"background-color":"var(--ast-global-color-5)","background-image":"","background-repeat":"repeat","background-position":"center center","background-size":"auto","background-attachment":"scroll","background-type":"","background-media":"","overlay-type":"","overlay-color":"","overlay-opacity":"","overlay-gradient":""}},"footnotes":""},"class_list":["post-3598","page","type-page","status-publish","has-post-thumbnail","hentry"],"_links":{"self":[{"href":"https:\/\/nelasante.com\/fr\/wp-json\/wp\/v2\/pages\/3598","targetHints":{"allow":["GET"]}}],"collection":[{"href":"https:\/\/nelasante.com\/fr\/wp-json\/wp\/v2\/pages"}],"about":[{"href":"https:\/\/nelasante.com\/fr\/wp-json\/wp\/v2\/types\/page"}],"author":[{"embeddable":true,"href":"https:\/\/nelasante.com\/fr\/wp-json\/wp\/v2\/users\/5"}],"replies":[{"embeddable":true,"href":"https:\/\/nelasante.com\/fr\/wp-json\/wp\/v2\/comments?post=3598"}],"version-history":[{"count":5,"href":"https:\/\/nelasante.com\/fr\/wp-json\/wp\/v2\/pages\/3598\/revisions"}],"predecessor-version":[{"id":4778,"href":"https:\/\/nelasante.com\/fr\/wp-json\/wp\/v2\/pages\/3598\/revisions\/4778"}],"up":[{"embeddable":true,"href":"https:\/\/nelasante.com\/fr\/wp-json\/wp\/v2\/pages\/2991"}],"wp:featuredmedia":[{"embeddable":true,"href":"https:\/\/nelasante.com\/fr\/wp-json\/wp\/v2\/media\/2927"}],"wp:attachment":[{"href":"https:\/\/nelasante.com\/fr\/wp-json\/wp\/v2\/media?parent=3598"}],"curies":[{"name":"wp","href":"https:\/\/api.w.org\/{rel}","templated":true}]}}