{"id":3018,"date":"2022-09-08T16:12:43","date_gmt":"2022-09-08T20:12:43","guid":{"rendered":"http:\/\/nelasante.flywheelsites.com\/entreprise\/"},"modified":"2025-09-02T07:37:41","modified_gmt":"2025-09-02T11:37:41","slug":"entreprise","status":"publish","type":"page","link":"https:\/\/nelasante.com\/fr\/entreprise\/","title":{"rendered":"Corporatif"},"content":{"rendered":"\n\n\t<ul>\n\t\t<li>\t\t\t\t\n\t\t<h3>Avantages<\/h3><ul>\n<li>Rapide et facile<\/li>\n<li>Pas besoin d&rsquo;un jour de cong\u00e9 pour le rendez-vous de vaccination contre la grippe<\/li>\n<li>Diminution du nombre de jours de maladie li\u00e9s aux vaccins contre la grippe<\/li>\n<li>Peut inclure votre famille car nos infirmi\u00e8res sont sp\u00e9cialis\u00e9es dans tous les \u00e2ges.<\/li>\n<\/ul>\n<\/li>\t<\/ul>\n\t\t\t<a href=\"https:\/\/squareup.com\/appointments\/book\/iuresfex4eqvns\/LTJ2VX97TWS0E\/services\" target=\"_blank\" rel=\"noopener\">\n\t\t\t\t\t\tR\u00c9SERVEZ MAINTENANT\n\t\t\t\t\t<\/a>\n\t<p>\u2190 <a href=\"https:\/\/nelasante.com\/fr\/services\/\"><strong>TOUS LES SERVICES<\/strong><\/a><\/p>\n\t\t\t\t<img decoding=\"async\" src=\"https:\/\/nelasante.com\/wp-content\/uploads\/2022\/11\/NELA-008-scaled.jpg\" alt=\"NELA-008\" itemprop=\"image\" height=\"1707\" width=\"2560\" title=\"NELA-008\" onerror=\"this.style.display='none'\" loading=\"lazy\" \/>\n\n","protected":false},"excerpt":{"rendered":"<p>Avantages Rapide et facile Pas besoin d&rsquo;un jour de cong\u00e9 pour le rendez-vous de vaccination contre la grippe Diminution du nombre de jours de maladie li\u00e9s aux vaccins contre la grippe Peut inclure votre famille car nos infirmi\u00e8res sont sp\u00e9cialis\u00e9es dans tous les \u00e2ges. R\u00c9SERVEZ MAINTENANT \u2190 TOUS LES SERVICES<\/p>\n","protected":false},"author":1,"featured_media":3798,"parent":0,"menu_order":0,"comment_status":"closed","ping_status":"closed","template":"","meta":{"site-sidebar-layout":"default","site-content-layout":"","ast-site-content-layout":"default","site-content-style":"default","site-sidebar-style":"default","ast-global-header-display":"","ast-banner-title-visibility":"","ast-main-header-display":"","ast-hfb-above-header-display":"","ast-hfb-below-header-display":"","ast-hfb-mobile-header-display":"","site-post-title":"","ast-breadcrumbs-content":"","ast-featured-img":"disabled","footer-sml-layout":"","ast-disable-related-posts":"","theme-transparent-header-meta":"","adv-header-id-meta":"","stick-header-meta":"","header-above-stick-meta":"","header-main-stick-meta":"","header-below-stick-meta":"","astra-migrate-meta-layouts":"set","ast-page-background-enabled":"default","ast-page-background-meta":{"desktop":{"background-color":"","background-image":"","background-repeat":"repeat","background-position":"center center","background-size":"auto","background-attachment":"scroll","background-type":"","background-media":"","overlay-type":"","overlay-color":"","overlay-opacity":"","overlay-gradient":""},"tablet":{"background-color":"","background-image":"","background-repeat":"repeat","background-position":"center center","background-size":"auto","background-attachment":"scroll","background-type":"","background-media":"","overlay-type":"","overlay-color":"","overlay-opacity":"","overlay-gradient":""},"mobile":{"background-color":"","background-image":"","background-repeat":"repeat","background-position":"center center","background-size":"auto","background-attachment":"scroll","background-type":"","background-media":"","overlay-type":"","overlay-color":"","overlay-opacity":"","overlay-gradient":""}},"ast-content-background-meta":{"desktop":{"background-color":"var(--ast-global-color-5)","background-image":"","background-repeat":"repeat","background-position":"center center","background-size":"auto","background-attachment":"scroll","background-type":"","background-media":"","overlay-type":"","overlay-color":"","overlay-opacity":"","overlay-gradient":""},"tablet":{"background-color":"var(--ast-global-color-5)","background-image":"","background-repeat":"repeat","background-position":"center center","background-size":"auto","background-attachment":"scroll","background-type":"","background-media":"","overlay-type":"","overlay-color":"","overlay-opacity":"","overlay-gradient":""},"mobile":{"background-color":"var(--ast-global-color-5)","background-image":"","background-repeat":"repeat","background-position":"center center","background-size":"auto","background-attachment":"scroll","background-type":"","background-media":"","overlay-type":"","overlay-color":"","overlay-opacity":"","overlay-gradient":""}},"footnotes":""},"class_list":["post-3018","page","type-page","status-publish","has-post-thumbnail","hentry"],"_links":{"self":[{"href":"https:\/\/nelasante.com\/fr\/wp-json\/wp\/v2\/pages\/3018","targetHints":{"allow":["GET"]}}],"collection":[{"href":"https:\/\/nelasante.com\/fr\/wp-json\/wp\/v2\/pages"}],"about":[{"href":"https:\/\/nelasante.com\/fr\/wp-json\/wp\/v2\/types\/page"}],"author":[{"embeddable":true,"href":"https:\/\/nelasante.com\/fr\/wp-json\/wp\/v2\/users\/1"}],"replies":[{"embeddable":true,"href":"https:\/\/nelasante.com\/fr\/wp-json\/wp\/v2\/comments?post=3018"}],"version-history":[{"count":6,"href":"https:\/\/nelasante.com\/fr\/wp-json\/wp\/v2\/pages\/3018\/revisions"}],"predecessor-version":[{"id":4637,"href":"https:\/\/nelasante.com\/fr\/wp-json\/wp\/v2\/pages\/3018\/revisions\/4637"}],"wp:featuredmedia":[{"embeddable":true,"href":"https:\/\/nelasante.com\/fr\/wp-json\/wp\/v2\/media\/3798"}],"wp:attachment":[{"href":"https:\/\/nelasante.com\/fr\/wp-json\/wp\/v2\/media?parent=3018"}],"curies":[{"name":"wp","href":"https:\/\/api.w.org\/{rel}","templated":true}]}}