{"id":3015,"date":"2022-09-08T16:42:21","date_gmt":"2022-09-08T20:42:21","guid":{"rendered":"http:\/\/nelasante.flywheelsites.com\/services\/tests-sanguins\/"},"modified":"2025-10-31T20:32:47","modified_gmt":"2025-11-01T00:32:47","slug":"tests-sanguins","status":"publish","type":"page","link":"https:\/\/nelasante.com\/fr\/services\/tests-sanguins\/","title":{"rendered":"Analyses sanguines (demande obligatoire)"},"content":{"rendered":"\n\n\t<p>Nela Sant\u00e9 offre des services professionnels de pr\u00e9l\u00e8vement sanguin \u00e0 domicile partout \u00e0 Montr\u00e9al. Des infirmi\u00e8res autoris\u00e9es se rendent \u00e0 votre domicile ou \u00e0 votre bureau pour pr\u00e9lever des \u00e9chantillons qui sont trait\u00e9s par des laboratoires priv\u00e9s accr\u00e9dit\u00e9s. Ce service offre la m\u00eame pr\u00e9cision et la m\u00eame fiabilit\u00e9 que les tests effectu\u00e9s en clinique.  <\/p>\n\t<h3 data-pm-slice=\"1 1 []\">Test sanguin p\u00e9diatrique<\/h3>\n<h3>Tests sanguins pour adultes<\/h3>\n<ul data-start=\"652\" data-end=\"952\">\n<li data-start=\"652\" data-end=\"747\">\nAnalyses sanguines\n<\/li>\n<li data-start=\"748\" data-end=\"821\">\nTest d&rsquo;harmonie\n<\/li>\n<li data-start=\"822\" data-end=\"891\">\n50 gr de glucose\n<\/li>\n<li data-start=\"892\" data-end=\"952\">\n75 gr de glucose\n<\/li>\n<\/ul>\n\t\t\t\t<img decoding=\"async\" src=\"https:\/\/nelasante.com\/wp-content\/uploads\/2022\/11\/gPdyXNzY-300x300.jpg\" alt=\"gPdyXNzY\" itemprop=\"image\" height=\"300\" width=\"300\" title=\"gPdyXNzY\" onerror=\"this.style.display='none'\" loading=\"lazy\" \/>\n\t<h3 data-start=\"621\" data-end=\"651\">Pourquoi des analyses de sang \u00e0 domicile ?<\/h3>\n<ul data-start=\"652\" data-end=\"952\">\n<li data-start=\"652\" data-end=\"747\">\nOption pratique pour les patients ayant des probl\u00e8mes de mobilit\u00e9, un emploi du temps charg\u00e9 ou des besoins sur le lieu de travail\n<\/li>\n<li data-start=\"748\" data-end=\"821\">\nInfirmi\u00e8res certifi\u00e9es form\u00e9es aux proc\u00e9dures de ponction veineuse s\u00fbres et hygi\u00e9niques\n<\/li>\n<li data-start=\"822\" data-end=\"891\">\nLes \u00e9chantillons sont transport\u00e9s en toute s\u00e9curit\u00e9 vers les laboratoires partenaires pour y \u00eatre analys\u00e9s.\n<\/li>\n<li data-start=\"892\" data-end=\"952\">\nR\u00e9duction de l&rsquo;exposition aux environnements cliniques et des temps d&rsquo;attente\n<\/li>\n<\/ul>\n<h3 data-start=\"954\" data-end=\"971\">Utilisations courantes<\/h3>\n<ul data-start=\"972\" data-end=\"1228\">\n<li data-start=\"972\" data-end=\"1022\">\nExamens de sant\u00e9 de routine et d\u00e9pistages annuels\n<\/li>\n<li data-start=\"1023\" data-end=\"1098\">\nSuivi de pathologies telles que le diab\u00e8te, le cholest\u00e9rol, la thyro\u00efde ou l&rsquo;an\u00e9mie\n<\/li>\n<li data-start=\"1099\" data-end=\"1139\">\nTests diagnostiques prescrits par un m\u00e9decin\n<\/li>\n<li data-start=\"1140\" data-end=\"1190\">\n\u00c9valuations de la sant\u00e9 avant l&#8217;emploi ou dans l&rsquo;entreprise\n<\/li>\n<li data-start=\"1191\" data-end=\"1228\">\nTests de suivi apr\u00e8s le traitement\n<\/li>\n<\/ul>\n<p>Pour les vaccins contre la grippe, les vaccins de voyage ou les vaccins p\u00e9diatriques, consultez nos <a href=\"https:\/\/nelasante.com\/fr\/services\/vaccinations\/\">services de vaccination<\/a>.<\/p>\n\t<p>Prenez rendez-vous avec les infirmi\u00e8res dipl\u00f4m\u00e9es de Nela Sant\u00e9 pour des analyses de sang pr\u00e9cises et priv\u00e9es, \u00e0 votre convenance.<\/p>\n\t\t\t<a href=\"https:\/\/book.squareup.com\/appointments\/iuresfex4eqvns\/location\/LTJ2VX97TWS0E\/services\/65WNJOHS7HBNHN5M5SF3N5OC\" target=\"_blank\" rel=\"noopener\">\n\t\t\t\t\t\t\tR\u00c9SERVEZ MAINTENANT\n\t\t\t\t\t<\/a>\n<h2>\n\t\t\tQuestions fr\u00e9quemment pos\u00e9es\t<\/h2>\n\t<h3 data-start=\"135\" data-end=\"181\">Les tests sanguins effectu\u00e9s \u00e0 domicile sont-ils exacts ?<\/h3>\nOui. Les analyses de sang effectu\u00e9es \u00e0 domicile par des infirmi\u00e8res dipl\u00f4m\u00e9es sont trait\u00e9es dans des laboratoires accr\u00e9dit\u00e9s selon les m\u00eames m\u00e9thodes et normes que les analyses effectu\u00e9es dans les h\u00f4pitaux ou les cliniques. \n<h3 data-start=\"346\" data-end=\"415\">Ai-je besoin d&rsquo;une recommandation d&rsquo;un m\u00e9decin pour effectuer une prise de sang \u00e0 domicile ?<\/h3>\nLa plupart des tests sanguins diagnostiques n\u00e9cessitent une recommandation du m\u00e9decin. Un suivi m\u00e9dical de routine et des d\u00e9pistages d&rsquo;entreprise peuvent \u00e9galement \u00eatre organis\u00e9s avec une autorisation m\u00e9dicale. Vous avez besoin de renouveler une ordonnance ou d&rsquo;examiner une demande de laboratoire ? R\u00e9servez la <a href=\"https:\/\/nelasante.com\/fr\/services\/telemedecine\/\">t\u00e9l\u00e9m\u00e9decine<\/a> pour une consultation en ligne.   \n<h3 data-start=\"579\" data-end=\"637\">Quelles sont les maladies que les analyses de sang peuvent aider \u00e0 surveiller ?<\/h3>\nLes analyses de sang sont couramment utilis\u00e9es pour v\u00e9rifier le diab\u00e8te, le taux de cholest\u00e9rol, la fonction thyro\u00efdienne, l&rsquo;an\u00e9mie, les infections et d&rsquo;autres \u00e9valuations de sant\u00e9 prescrites par le m\u00e9decin.\n<h3 data-start=\"800\" data-end=\"844\">O\u00f9 le service est-il disponible ?<\/h3>\nLes services d&rsquo;analyse de sang \u00e0 domicile sont disponibles dans le Grand Montr\u00e9al, y compris \u00e0 Westmount, Mont-Royal, Pointe-Claire, Verdun et dans les communaut\u00e9s avoisinantes.\n\t\u2190 <a href=\"https:\/\/nelasante.com\/fr\/services\/\"><br \/>\n  <strong>TOUS LES SERVICES<\/strong><br \/>\n<\/a>\n\n","protected":false},"excerpt":{"rendered":"<p>Nela Sant\u00e9 offre des services professionnels de pr\u00e9l\u00e8vement sanguin \u00e0 domicile partout \u00e0 Montr\u00e9al. Des infirmi\u00e8res autoris\u00e9es se rendent \u00e0 votre domicile ou \u00e0 votre bureau pour pr\u00e9lever des \u00e9chantillons qui sont trait\u00e9s par des laboratoires priv\u00e9s accr\u00e9dit\u00e9s. Ce service offre la m\u00eame pr\u00e9cision et la m\u00eame fiabilit\u00e9 que les tests effectu\u00e9s en clinique. Test [&hellip;]<\/p>\n","protected":false},"author":1,"featured_media":2927,"parent":2991,"menu_order":0,"comment_status":"closed","ping_status":"closed","template":"","meta":{"site-sidebar-layout":"default","site-content-layout":"","ast-site-content-layout":"default","site-content-style":"default","site-sidebar-style":"default","ast-global-header-display":"","ast-banner-title-visibility":"","ast-main-header-display":"","ast-hfb-above-header-display":"","ast-hfb-below-header-display":"","ast-hfb-mobile-header-display":"","site-post-title":"","ast-breadcrumbs-content":"","ast-featured-img":"disabled","footer-sml-layout":"","ast-disable-related-posts":"","theme-transparent-header-meta":"","adv-header-id-meta":"","stick-header-meta":"","header-above-stick-meta":"","header-main-stick-meta":"","header-below-stick-meta":"","astra-migrate-meta-layouts":"set","ast-page-background-enabled":"default","ast-page-background-meta":{"desktop":{"background-color":"","background-image":"","background-repeat":"repeat","background-position":"center center","background-size":"auto","background-attachment":"scroll","background-type":"","background-media":"","overlay-type":"","overlay-color":"","overlay-opacity":"","overlay-gradient":""},"tablet":{"background-color":"","background-image":"","background-repeat":"repeat","background-position":"center center","background-size":"auto","background-attachment":"scroll","background-type":"","background-media":"","overlay-type":"","overlay-color":"","overlay-opacity":"","overlay-gradient":""},"mobile":{"background-color":"","background-image":"","background-repeat":"repeat","background-position":"center center","background-size":"auto","background-attachment":"scroll","background-type":"","background-media":"","overlay-type":"","overlay-color":"","overlay-opacity":"","overlay-gradient":""}},"ast-content-background-meta":{"desktop":{"background-color":"var(--ast-global-color-5)","background-image":"","background-repeat":"repeat","background-position":"center center","background-size":"auto","background-attachment":"scroll","background-type":"","background-media":"","overlay-type":"","overlay-color":"","overlay-opacity":"","overlay-gradient":""},"tablet":{"background-color":"var(--ast-global-color-5)","background-image":"","background-repeat":"repeat","background-position":"center center","background-size":"auto","background-attachment":"scroll","background-type":"","background-media":"","overlay-type":"","overlay-color":"","overlay-opacity":"","overlay-gradient":""},"mobile":{"background-color":"var(--ast-global-color-5)","background-image":"","background-repeat":"repeat","background-position":"center center","background-size":"auto","background-attachment":"scroll","background-type":"","background-media":"","overlay-type":"","overlay-color":"","overlay-opacity":"","overlay-gradient":""}},"footnotes":""},"class_list":["post-3015","page","type-page","status-publish","has-post-thumbnail","hentry"],"_links":{"self":[{"href":"https:\/\/nelasante.com\/fr\/wp-json\/wp\/v2\/pages\/3015","targetHints":{"allow":["GET"]}}],"collection":[{"href":"https:\/\/nelasante.com\/fr\/wp-json\/wp\/v2\/pages"}],"about":[{"href":"https:\/\/nelasante.com\/fr\/wp-json\/wp\/v2\/types\/page"}],"author":[{"embeddable":true,"href":"https:\/\/nelasante.com\/fr\/wp-json\/wp\/v2\/users\/1"}],"replies":[{"embeddable":true,"href":"https:\/\/nelasante.com\/fr\/wp-json\/wp\/v2\/comments?post=3015"}],"version-history":[{"count":9,"href":"https:\/\/nelasante.com\/fr\/wp-json\/wp\/v2\/pages\/3015\/revisions"}],"predecessor-version":[{"id":4774,"href":"https:\/\/nelasante.com\/fr\/wp-json\/wp\/v2\/pages\/3015\/revisions\/4774"}],"up":[{"embeddable":true,"href":"https:\/\/nelasante.com\/fr\/wp-json\/wp\/v2\/pages\/2991"}],"wp:featuredmedia":[{"embeddable":true,"href":"https:\/\/nelasante.com\/fr\/wp-json\/wp\/v2\/media\/2927"}],"wp:attachment":[{"href":"https:\/\/nelasante.com\/fr\/wp-json\/wp\/v2\/media?parent=3015"}],"curies":[{"name":"wp","href":"https:\/\/api.w.org\/{rel}","templated":true}]}}