{"id":2991,"date":"2022-09-02T17:55:03","date_gmt":"2022-09-02T21:55:03","guid":{"rendered":"http:\/\/nelasante.flywheelsites.com\/services\/"},"modified":"2025-10-31T17:54:01","modified_gmt":"2025-10-31T21:54:01","slug":"services","status":"publish","type":"page","link":"https:\/\/nelasante.com\/fr\/services\/","title":{"rendered":"Services"},"content":{"rendered":"\n<h1>\n\t\t\tServices\t<\/h1>\n\t<p>NELA Sant\u00e9 a \u00e9t\u00e9 cr\u00e9\u00e9 afin de fournir aux familles et aux entreprises les m\u00eames services professionnels que ceux propos\u00e9s dans les h\u00f4pitaux, les cliniques priv\u00e9es ou les laboratoires, mais dans la s\u00e9curit\u00e9 et le confort de votre environnement familier. Contactez-nous d\u00e8s aujourd&rsquo;hui afin de conna\u00eetre l&rsquo;avantage NELA!<\/p>\n<!-- Start Square Appointments Embed code --> <a target=\"_blank\" href=\"https:\/\/squareup.com\/appointments\/book\/iuresfex4eqvns\/LTJ2VX97TWS0E\/start\" rel=\"nofollow\">R\u00e9servez maintenant<\/a> <!-- End Square Appointments Embed code -->\n\t<ul>\n\t\t<li><a href=\"https:\/\/nelasante.com\/fr\/services\/vaccinations\/\" target=\"_self\"><\/a>\t\t\n\t\t\t\t<img decoding=\"async\" src=\"https:\/\/nelasante.com\/wp-content\/uploads\/2023\/03\/vaccination.png\" alt=\"vaccination\" itemprop=\"image\"\/>\n\t\t<h2>Vaccins<\/h2><p><a href=\"https:\/\/nelasante.com\/fr\/services\/vaccinations\/\" rel=\"noopener\">EN SAVOIR PLUS<\/a><\/p>\n<\/li>\t<\/ul>\n\t<ul>\n\t\t<li><a href=\"https:\/\/nelasante.com\/fr\/services\/tests-sanguins\/\" target=\"_self\"><\/a>\t\t\n\t\t\t\t<img decoding=\"async\" src=\"https:\/\/nelasante.com\/wp-content\/uploads\/2023\/03\/bloodtests.png\" alt=\"bloodtests\" itemprop=\"image\"\/>\n\t\t<h2>Pr\u00e9l\u00e8vements sanguins<\/h2><p><a href=\"https:\/\/nelasante.com\/fr\/services\/vaccinations\/\" rel=\"noopener\">EN SAVOIR PLUS<\/a><\/p>\n<\/li>\t<\/ul>\n\t<ul>\n\t\t<li><a href=\"https:\/\/nelasante.com\/fr\/services\/soins-aux-nouveau-nes\/\" target=\"_self\"><\/a>\t\t\n\t\t\t\t<img decoding=\"async\" src=\"https:\/\/nelasante.com\/wp-content\/uploads\/2023\/03\/newborn.png\" alt=\"newborn\" itemprop=\"image\"\/>\n\t\t<h2>Soins aux nouveau-n\u00e9s<\/h2><p><a href=\"https:\/\/nelasante.com\/fr\/services\/soins-aux-nouveau-nes\/\" rel=\"noopener\">EN SAVOIR PLUS<\/a><\/p>\n<\/li>\t<\/ul>\n\t<ul>\n\t\t<li><a href=\"https:\/\/nelasante.com\/fr\/services\/administration-des-medicaments\/\" target=\"_self\"><\/a>\t\t\n\t\t\t\t<img decoding=\"async\" src=\"https:\/\/nelasante.com\/wp-content\/uploads\/2023\/03\/medication.png\" alt=\"medication\" itemprop=\"image\"\/>\n\t\t<h2>Administration des m\u00e9dicaments<\/h2><p><a href=\"https:\/\/nelasante.com\/fr\/services\/administration-des-medicaments\/\">LEARN MORE<\/a><\/p><\/li>\t<\/ul>\n\t<ul>\n\t\t<li><a href=\"https:\/\/nelasante.com\/fr\/services\/elimination-du-cerumen\/\" target=\"_self\"><\/a>\t\t\n\t\t\t\t<img decoding=\"async\" src=\"https:\/\/nelasante.com\/wp-content\/uploads\/2024\/12\/Ear-wax-removal.webp\" alt=\"Ear-wax-removal\" itemprop=\"image\"\/>\n\t\t<h2>Elimination du c\u00e9rumen<\/h2><p><a href=\"https:\/\/nelasante.com\/fr\/services\/elimination-du-cerumen\/\">LEARN MORE<\/a><\/p><\/li>\t<\/ul>\n\t<ul>\n\t\t<li><a href=\"https:\/\/nelasante.com\/fr\/services\/telemedecine\/\" target=\"_self\"><\/a>\t\t\n\t\t\t\t<img decoding=\"async\" src=\"https:\/\/nelasante.com\/wp-content\/uploads\/2025\/03\/Telemedicine.webp\" alt=\"Telemedicine\" itemprop=\"image\"\/>\n\t\t<h2>T\u00e9l\u00e9m\u00e9decine<\/h2><p><a href=\"https:\/\/nelasante.com\/fr\/services\/telemedecine\/\" rel=\"noopener\">EN SAVOIR PLUS<\/a><\/p><\/li>\t<\/ul>\n\t<ul>\n\t\t<li><a href=\"https:\/\/nelasante.com\/fr\/services\/demande-de-banque-de-sang-de-cordon\/\" target=\"_self\"><\/a>\t\t\n\t\t\t\t<img decoding=\"async\" src=\"https:\/\/nelasante.com\/wp-content\/uploads\/2024\/04\/Preservation-du-sang-de-cordon-umbilical-150x150.png\" alt=\"Preservation du sang de cordon\u00a0umbilical\" itemprop=\"image\"\/>\n\t\t<h2>Banque de sang de cordon<\/h2><p><a href=\"https:\/\/nelasante.com\/fr\/services\/demande-de-banque-de-sang-de-cordon\/\">LEARN MORE<\/a><\/p><\/li>\t<\/ul>\n\t<ul>\n\t\t<li><a href=\"https:\/\/nelasante.com\/fr\/services\/soins-des-plaies\/\" target=\"_self\"><\/a>\t\t\n\t\t\t\t<img decoding=\"async\" src=\"https:\/\/nelasante.com\/wp-content\/uploads\/2024\/12\/Suture-Removal.webp\" alt=\"Suture Removal\" itemprop=\"image\"\/>\n\t\t<h2>Changement de pansement<\/h2><p><a href=\"https:\/\/nelasante.com\/fr\/services\/soins-des-plaies\/\">LEARN MORE<\/a><\/p><\/li>\t<\/ul>\n\t<ul>\n\t\t<li><a href=\"https:\/\/nelasante.com\/fr\/services\/esthetique-medicale\/\" target=\"_self\"><\/a>\t\t\n\t\t\t\t<img decoding=\"async\" src=\"https:\/\/nelasante.com\/wp-content\/uploads\/2025\/06\/Medical-Aestheitcs-150x150.webp\" alt=\"Medical-Aestheitcs\" itemprop=\"image\"\/>\n\t\t<h2>Esth\u00e9tique m\u00e9dicale<\/h2><p><a href=\"https:\/\/nelasante.com\/fr\/services\/esthetique-medicale\/\" rel=\"noopener\">EN SAVOIR PLUS<\/a><\/p><\/li>\t<\/ul>\n\n","protected":false},"excerpt":{"rendered":"<p>Services NELA Sant\u00e9 a \u00e9t\u00e9 cr\u00e9\u00e9 afin de fournir aux familles et aux entreprises les m\u00eames services professionnels que ceux propos\u00e9s dans les h\u00f4pitaux, les cliniques priv\u00e9es ou les laboratoires, mais dans la s\u00e9curit\u00e9 et le confort de votre environnement familier. Contactez-nous d\u00e8s aujourd&rsquo;hui afin de conna\u00eetre l&rsquo;avantage NELA! R\u00e9servez maintenant Vaccins EN SAVOIR PLUS [&hellip;]<\/p>\n","protected":false},"author":1,"featured_media":3805,"parent":0,"menu_order":0,"comment_status":"closed","ping_status":"closed","template":"","meta":{"site-sidebar-layout":"no-sidebar","site-content-layout":"page-builder","ast-site-content-layout":"full-width-container","site-content-style":"unboxed","site-sidebar-style":"unboxed","ast-global-header-display":"","ast-banner-title-visibility":"","ast-main-header-display":"","ast-hfb-above-header-display":"","ast-hfb-below-header-display":"","ast-hfb-mobile-header-display":"","site-post-title":"disabled","ast-breadcrumbs-content":"","ast-featured-img":"disabled","footer-sml-layout":"","ast-disable-related-posts":"","theme-transparent-header-meta":"default","adv-header-id-meta":"","stick-header-meta":"","header-above-stick-meta":"","header-main-stick-meta":"","header-below-stick-meta":"","astra-migrate-meta-layouts":"set","ast-page-background-enabled":"default","ast-page-background-meta":{"desktop":{"background-color":"","background-image":"","background-repeat":"repeat","background-position":"center center","background-size":"auto","background-attachment":"scroll","background-type":"","background-media":"","overlay-type":"","overlay-color":"","overlay-opacity":"","overlay-gradient":""},"tablet":{"background-color":"","background-image":"","background-repeat":"repeat","background-position":"center center","background-size":"auto","background-attachment":"scroll","background-type":"","background-media":"","overlay-type":"","overlay-color":"","overlay-opacity":"","overlay-gradient":""},"mobile":{"background-color":"","background-image":"","background-repeat":"repeat","background-position":"center center","background-size":"auto","background-attachment":"scroll","background-type":"","background-media":"","overlay-type":"","overlay-color":"","overlay-opacity":"","overlay-gradient":""}},"ast-content-background-meta":{"desktop":{"background-color":"var(--ast-global-color-5)","background-image":"","background-repeat":"repeat","background-position":"center center","background-size":"auto","background-attachment":"scroll","background-type":"","background-media":"","overlay-type":"","overlay-color":"","overlay-opacity":"","overlay-gradient":""},"tablet":{"background-color":"var(--ast-global-color-5)","background-image":"","background-repeat":"repeat","background-position":"center center","background-size":"auto","background-attachment":"scroll","background-type":"","background-media":"","overlay-type":"","overlay-color":"","overlay-opacity":"","overlay-gradient":""},"mobile":{"background-color":"var(--ast-global-color-5)","background-image":"","background-repeat":"repeat","background-position":"center center","background-size":"auto","background-attachment":"scroll","background-type":"","background-media":"","overlay-type":"","overlay-color":"","overlay-opacity":"","overlay-gradient":""}},"footnotes":""},"class_list":["post-2991","page","type-page","status-publish","has-post-thumbnail","hentry"],"_links":{"self":[{"href":"https:\/\/nelasante.com\/fr\/wp-json\/wp\/v2\/pages\/2991","targetHints":{"allow":["GET"]}}],"collection":[{"href":"https:\/\/nelasante.com\/fr\/wp-json\/wp\/v2\/pages"}],"about":[{"href":"https:\/\/nelasante.com\/fr\/wp-json\/wp\/v2\/types\/page"}],"author":[{"embeddable":true,"href":"https:\/\/nelasante.com\/fr\/wp-json\/wp\/v2\/users\/1"}],"replies":[{"embeddable":true,"href":"https:\/\/nelasante.com\/fr\/wp-json\/wp\/v2\/comments?post=2991"}],"version-history":[{"count":10,"href":"https:\/\/nelasante.com\/fr\/wp-json\/wp\/v2\/pages\/2991\/revisions"}],"predecessor-version":[{"id":4767,"href":"https:\/\/nelasante.com\/fr\/wp-json\/wp\/v2\/pages\/2991\/revisions\/4767"}],"wp:featuredmedia":[{"embeddable":true,"href":"https:\/\/nelasante.com\/fr\/wp-json\/wp\/v2\/media\/3805"}],"wp:attachment":[{"href":"https:\/\/nelasante.com\/fr\/wp-json\/wp\/v2\/media?parent=2991"}],"curies":[{"name":"wp","href":"https:\/\/api.w.org\/{rel}","templated":true}]}}