{"id":2990,"date":"2022-07-25T15:39:07","date_gmt":"2022-07-25T19:39:07","guid":{"rendered":"http:\/\/nelasante.flywheelsites.com\/a-propos-de-nous\/"},"modified":"2025-10-31T16:48:01","modified_gmt":"2025-10-31T20:48:01","slug":"a-propos-de-nous","status":"publish","type":"page","link":"https:\/\/nelasante.com\/fr\/a-propos-de-nous\/","title":{"rendered":"A propos de nous"},"content":{"rendered":"\n<h1>\n\t\t\u00c0 propos\n\t<\/h1>\n\t<p><img decoding=\"async\" src=\"https:\/\/nelasante.com\/wp-content\/uploads\/2023\/01\/NELA-141-scaled-e1674829109684.jpg\" alt=\"\" width=\"500\" height=\"750\" \/><\/p>\n<p>NELA Sant\u00e9 est le fruit d&rsquo;un travail d&rsquo;amour et de passion pour la promotion de la Sant\u00e9 et du bien-\u00eatre. Nos valeurs fondamentales sont ax\u00e9es sur la qualit\u00e9 des soins, le professionnalisme et la fiabilit\u00e9.<\/p>\n<p>Fond\u00e9e en 2020 par Karine Cohen et Samantha Oziel, NELA Sant\u00e9 a parcouru un long chemin depuis ses d\u00e9buts dans l&rsquo;unit\u00e9 de soins intensifs n\u00e9onatals, o\u00f9 nous avons grandi en tant qu&rsquo;infirmi\u00e8res r\u00e9put\u00e9es avec une exp\u00e9rience combin\u00e9e de 25 ans dans le domaine.<\/p>\n<p>En tant que m\u00e8res, nous avons remarqu\u00e9 une forte demande de la part des familles montr\u00e9alaises pour faciliter le processus des services de laboratoire. Notre objectif est d\u00e9sormais d&rsquo;accueillir les familles ainsi que les entreprises avec des soins mobiles appropri\u00e9s.<\/p>\n<p>Nous sommes impatients de vous offrir la meilleure qualit\u00e9 de soins possibles.<\/p>\n\t<h3>Nos partenaires<\/h3>\n\t<p><img decoding=\"async\" src=\"https:\/\/nelasante.com\/wp-content\/uploads\/2024\/10\/CDL-1-e1662061115249-300x99.webp\" alt=\"\" width=\"300\" height=\"99\" \/><img decoding=\"async\" src=\"https:\/\/nelasante.com\/wp-content\/uploads\/2022\/09\/AMG-1024x727-1-e1662061129417-300x115.jpg\" alt=\"\" width=\"300\" height=\"115\" \/><img decoding=\"async\" src=\"https:\/\/nelasante.com\/wp-content\/uploads\/2024\/10\/GSK-300x195.webp\" alt=\"\" width=\"211\" height=\"137\" \/><\/p>\n\n","protected":false},"excerpt":{"rendered":"<p>\u00c0 propos NELA Sant\u00e9 est le fruit d&rsquo;un travail d&rsquo;amour et de passion pour la promotion de la Sant\u00e9 et du bien-\u00eatre. Nos valeurs fondamentales sont ax\u00e9es sur la qualit\u00e9 des soins, le professionnalisme et la fiabilit\u00e9. Fond\u00e9e en 2020 par Karine Cohen et Samantha Oziel, NELA Sant\u00e9 a parcouru un long chemin depuis ses [&hellip;]<\/p>\n","protected":false},"author":1,"featured_media":2927,"parent":0,"menu_order":0,"comment_status":"closed","ping_status":"open","template":"","meta":{"site-sidebar-layout":"default","site-content-layout":"","ast-site-content-layout":"default","site-content-style":"default","site-sidebar-style":"default","ast-global-header-display":"","ast-banner-title-visibility":"","ast-main-header-display":"","ast-hfb-above-header-display":"","ast-hfb-below-header-display":"","ast-hfb-mobile-header-display":"","site-post-title":"disabled","ast-breadcrumbs-content":"","ast-featured-img":"disabled","footer-sml-layout":"","ast-disable-related-posts":"","theme-transparent-header-meta":"","adv-header-id-meta":"","stick-header-meta":"","header-above-stick-meta":"","header-main-stick-meta":"","header-below-stick-meta":"","astra-migrate-meta-layouts":"set","ast-page-background-enabled":"default","ast-page-background-meta":{"desktop":{"background-color":"","background-image":"","background-repeat":"repeat","background-position":"center center","background-size":"auto","background-attachment":"scroll","background-type":"","background-media":"","overlay-type":"","overlay-color":"","overlay-opacity":"","overlay-gradient":""},"tablet":{"background-color":"","background-image":"","background-repeat":"repeat","background-position":"center center","background-size":"auto","background-attachment":"scroll","background-type":"","background-media":"","overlay-type":"","overlay-color":"","overlay-opacity":"","overlay-gradient":""},"mobile":{"background-color":"","background-image":"","background-repeat":"repeat","background-position":"center center","background-size":"auto","background-attachment":"scroll","background-type":"","background-media":"","overlay-type":"","overlay-color":"","overlay-opacity":"","overlay-gradient":""}},"ast-content-background-meta":{"desktop":{"background-color":"var(--ast-global-color-5)","background-image":"","background-repeat":"repeat","background-position":"center center","background-size":"auto","background-attachment":"scroll","background-type":"","background-media":"","overlay-type":"","overlay-color":"","overlay-opacity":"","overlay-gradient":""},"tablet":{"background-color":"var(--ast-global-color-5)","background-image":"","background-repeat":"repeat","background-position":"center center","background-size":"auto","background-attachment":"scroll","background-type":"","background-media":"","overlay-type":"","overlay-color":"","overlay-opacity":"","overlay-gradient":""},"mobile":{"background-color":"var(--ast-global-color-5)","background-image":"","background-repeat":"repeat","background-position":"center center","background-size":"auto","background-attachment":"scroll","background-type":"","background-media":"","overlay-type":"","overlay-color":"","overlay-opacity":"","overlay-gradient":""}},"footnotes":""},"class_list":["post-2990","page","type-page","status-publish","has-post-thumbnail","hentry"],"_links":{"self":[{"href":"https:\/\/nelasante.com\/fr\/wp-json\/wp\/v2\/pages\/2990","targetHints":{"allow":["GET"]}}],"collection":[{"href":"https:\/\/nelasante.com\/fr\/wp-json\/wp\/v2\/pages"}],"about":[{"href":"https:\/\/nelasante.com\/fr\/wp-json\/wp\/v2\/types\/page"}],"author":[{"embeddable":true,"href":"https:\/\/nelasante.com\/fr\/wp-json\/wp\/v2\/users\/1"}],"replies":[{"embeddable":true,"href":"https:\/\/nelasante.com\/fr\/wp-json\/wp\/v2\/comments?post=2990"}],"version-history":[{"count":4,"href":"https:\/\/nelasante.com\/fr\/wp-json\/wp\/v2\/pages\/2990\/revisions"}],"predecessor-version":[{"id":4758,"href":"https:\/\/nelasante.com\/fr\/wp-json\/wp\/v2\/pages\/2990\/revisions\/4758"}],"wp:featuredmedia":[{"embeddable":true,"href":"https:\/\/nelasante.com\/fr\/wp-json\/wp\/v2\/media\/2927"}],"wp:attachment":[{"href":"https:\/\/nelasante.com\/fr\/wp-json\/wp\/v2\/media?parent=2990"}],"curies":[{"name":"wp","href":"https:\/\/api.w.org\/{rel}","templated":true}]}}