{"id":2982,"date":"2022-09-02T19:31:50","date_gmt":"2022-09-02T23:31:50","guid":{"rendered":"http:\/\/nelasante.flywheelsites.com\/vaccinations\/"},"modified":"2025-10-31T20:23:40","modified_gmt":"2025-11-01T00:23:40","slug":"vaccinations","status":"publish","type":"page","link":"https:\/\/nelasante.com\/fr\/services\/vaccinations\/","title":{"rendered":"Vaccinations"},"content":{"rendered":"\n\n\t<p>Nous administrons des vaccins \u00e0 domicile \u00e0 Montr\u00e9al pour les enfants et les adultes. Nos infirmi\u00e8res dipl\u00f4m\u00e9es suivent le Programme d&rsquo;immunisation du Qu\u00e9bec pour administrer les vaccins de routine, les vaccins contre la grippe saisonni\u00e8re et les doses de rappel de fa\u00e7on s\u00e9curitaire et professionnelle \u00e0 la maison. <\/p>\n<p>Pour en savoir plus sur la vaccination standard, vous pouvez consulter la page suivante : <a href=\"https:\/\/nelasante.com\/fr\/calendrier-de-vaccination-standard\/\"><strong>Calendrier de vaccination standard<\/strong><\/a><\/p>\n\t<h3 data-start=\"1232\" data-end=\"1275\">P\u00e9diatrie (Programme d&rsquo;immunisation du Qu\u00e9bec)<\/h3>\n<ul data-start=\"1278\" data-end=\"1406\">\n<li data-start=\"652\" data-end=\"747\">\n2 mois\n<\/li>\n<li data-start=\"748\" data-end=\"821\">\n4 mois\n<\/li>\n<li data-start=\"822\" data-end=\"891\">\n12 mois\n<\/li>\n<li data-start=\"892\" data-end=\"952\">\n18 mois\n<\/li>\n<li data-start=\"892\" data-end=\"952\">\n4-6 ans\n<\/li>\n<li data-start=\"892\" data-end=\"952\">\nHPV (Gardasil)\n<\/li>\n<li data-start=\"892\" data-end=\"952\">\nBexsero (m\u00e9ningite du groupe B)\n<\/li>\n<\/ul>\n<h3 data-pm-slice=\"1 1 []\">Adultes<\/h3>\n<ul data-start=\"972\" data-end=\"1228\">\n<li data-start=\"972\" data-end=\"1022\">\nShingrix (zona)\n<\/li>\n<li data-start=\"1023\" data-end=\"1098\">\nVaqta (H\u00e9patite A)\n<\/li>\n<li data-start=\"1099\" data-end=\"1139\">\nEnergix B (H\u00e9patite B)\n<\/li>\n<li data-start=\"1099\" data-end=\"1139\">\nTwinrix (H\u00e9patite A + B)\n<\/li>\n<li data-start=\"1099\" data-end=\"1139\">\nGardasil (virus du papillome humain)\n<\/li>\n<li data-start=\"1099\" data-end=\"1139\">\nBoostrix (coqueluche + t\u00e9tanos : grossesse)\n<\/li>\n<li data-start=\"1099\" data-end=\"1139\">\nT\u00e9tanos\n<\/li>\n<li data-start=\"1099\" data-end=\"1139\">\nNimenrix (m\u00e9ningite A, C, W-135, Y)\n<\/li>\n<li data-start=\"1099\" data-end=\"1139\">\nArexvy RSV (60+)\n<\/li>\n<li data-start=\"1099\" data-end=\"1139\">\nAbrysvo RSV (grossesse)\n<\/li>\n<\/ul>\n\t\t\t\t<img decoding=\"async\" src=\"https:\/\/nelasante.com\/wp-content\/uploads\/2022\/08\/vaccination-300x300.jpg\" alt=\"vaccination\" itemprop=\"image\" height=\"300\" width=\"300\" title=\"vaccination\" onerror=\"this.style.display='none'\" loading=\"lazy\" \/>\n\t\u2190 <a href=\"https:\/\/nelasante.com\/fr\/services\/\"><br \/>\n  <strong>TOUS LES SERVICES<\/strong><br \/>\n<\/a>\n\n","protected":false},"excerpt":{"rendered":"<p>Nous administrons des vaccins \u00e0 domicile \u00e0 Montr\u00e9al pour les enfants et les adultes. Nos infirmi\u00e8res dipl\u00f4m\u00e9es suivent le Programme d&rsquo;immunisation du Qu\u00e9bec pour administrer les vaccins de routine, les vaccins contre la grippe saisonni\u00e8re et les doses de rappel de fa\u00e7on s\u00e9curitaire et professionnelle \u00e0 la maison. Pour en savoir plus sur la vaccination [&hellip;]<\/p>\n","protected":false},"author":1,"featured_media":2927,"parent":2991,"menu_order":0,"comment_status":"closed","ping_status":"closed","template":"","meta":{"site-sidebar-layout":"default","site-content-layout":"","ast-site-content-layout":"default","site-content-style":"default","site-sidebar-style":"default","ast-global-header-display":"","ast-banner-title-visibility":"","ast-main-header-display":"","ast-hfb-above-header-display":"","ast-hfb-below-header-display":"","ast-hfb-mobile-header-display":"","site-post-title":"","ast-breadcrumbs-content":"","ast-featured-img":"disabled","footer-sml-layout":"","ast-disable-related-posts":"","theme-transparent-header-meta":"","adv-header-id-meta":"","stick-header-meta":"","header-above-stick-meta":"","header-main-stick-meta":"","header-below-stick-meta":"","astra-migrate-meta-layouts":"set","ast-page-background-enabled":"default","ast-page-background-meta":{"desktop":{"background-color":"","background-image":"","background-repeat":"repeat","background-position":"center center","background-size":"auto","background-attachment":"scroll","background-type":"","background-media":"","overlay-type":"","overlay-color":"","overlay-opacity":"","overlay-gradient":""},"tablet":{"background-color":"","background-image":"","background-repeat":"repeat","background-position":"center center","background-size":"auto","background-attachment":"scroll","background-type":"","background-media":"","overlay-type":"","overlay-color":"","overlay-opacity":"","overlay-gradient":""},"mobile":{"background-color":"","background-image":"","background-repeat":"repeat","background-position":"center center","background-size":"auto","background-attachment":"scroll","background-type":"","background-media":"","overlay-type":"","overlay-color":"","overlay-opacity":"","overlay-gradient":""}},"ast-content-background-meta":{"desktop":{"background-color":"var(--ast-global-color-5)","background-image":"","background-repeat":"repeat","background-position":"center center","background-size":"auto","background-attachment":"scroll","background-type":"","background-media":"","overlay-type":"","overlay-color":"","overlay-opacity":"","overlay-gradient":""},"tablet":{"background-color":"var(--ast-global-color-5)","background-image":"","background-repeat":"repeat","background-position":"center center","background-size":"auto","background-attachment":"scroll","background-type":"","background-media":"","overlay-type":"","overlay-color":"","overlay-opacity":"","overlay-gradient":""},"mobile":{"background-color":"var(--ast-global-color-5)","background-image":"","background-repeat":"repeat","background-position":"center center","background-size":"auto","background-attachment":"scroll","background-type":"","background-media":"","overlay-type":"","overlay-color":"","overlay-opacity":"","overlay-gradient":""}},"footnotes":""},"class_list":["post-2982","page","type-page","status-publish","has-post-thumbnail","hentry"],"_links":{"self":[{"href":"https:\/\/nelasante.com\/fr\/wp-json\/wp\/v2\/pages\/2982","targetHints":{"allow":["GET"]}}],"collection":[{"href":"https:\/\/nelasante.com\/fr\/wp-json\/wp\/v2\/pages"}],"about":[{"href":"https:\/\/nelasante.com\/fr\/wp-json\/wp\/v2\/types\/page"}],"author":[{"embeddable":true,"href":"https:\/\/nelasante.com\/fr\/wp-json\/wp\/v2\/users\/1"}],"replies":[{"embeddable":true,"href":"https:\/\/nelasante.com\/fr\/wp-json\/wp\/v2\/comments?post=2982"}],"version-history":[{"count":5,"href":"https:\/\/nelasante.com\/fr\/wp-json\/wp\/v2\/pages\/2982\/revisions"}],"predecessor-version":[{"id":4772,"href":"https:\/\/nelasante.com\/fr\/wp-json\/wp\/v2\/pages\/2982\/revisions\/4772"}],"up":[{"embeddable":true,"href":"https:\/\/nelasante.com\/fr\/wp-json\/wp\/v2\/pages\/2991"}],"wp:featuredmedia":[{"embeddable":true,"href":"https:\/\/nelasante.com\/fr\/wp-json\/wp\/v2\/media\/2927"}],"wp:attachment":[{"href":"https:\/\/nelasante.com\/fr\/wp-json\/wp\/v2\/media?parent=2982"}],"curies":[{"name":"wp","href":"https:\/\/api.w.org\/{rel}","templated":true}]}}